{"id":303,"date":"2021-01-05T14:11:41","date_gmt":"2021-01-05T13:11:41","guid":{"rendered":"https:\/\/jahn-museum.de\/?page_id=303"},"modified":"2026-01-28T11:17:10","modified_gmt":"2026-01-28T10:17:10","slug":"fuehrungen-und-preise","status":"publish","type":"page","link":"https:\/\/jahn-museum.de\/en\/fuehrungen-und-preise\/","title":{"rendered":"Guided tours and prices"},"content":{"rendered":"<ul>\n\t\t\t\t<li>\n\t\t\t<img decoding=\"async\" loading=\"false\" src=\"https:\/\/jahn-museum.de\/wp-content\/uploads\/2021\/01\/hero-image-museum-1.png\" alt=\"\" \/>\t\t\t\n\t\t\t\t<h1>Museum Museum <\/h1>\n\n\n\t\t<\/li>\n\t\t<\/ul>\n\t<a href=\"#mehr\">Discover<br \/>\n<img decoding=\"async\" src=\"\/wp-content\/uploads\/2020\/12\/download.svg\" \/><\/a>\n\t<h2>Tours and pricesTours and prices<\/h2>\n\tEintritt Dauerausstellung (bis M\u00e4rz 2026):<br \/>\n&#8222;Friedrich Ludwig Jahn &#8211; Life and work&#8220;\n\t<p>Aufgrund der Generalsanierung des Jahn-Museums 2026-2029: ab Sommer 2026 ist die Dauerausstellung als Interimsausstellung in der Jahn-Ehrenhalle (Sch\u00fctzenstra\u00dfe 17) zu besichtigen. Eintrittspreise und F\u00fchrungsangebot gleichbleibend.<\/p>\n    <p>Full payers: \u20ac 4.50<\/p>\n    <p>Holders of a spa card: \u20ac 4.00<\/p>\n    <p>Reduced: <br \/>Children from 6 years, pupils, students, trainees, severely disabled persons,<br \/>Members of the German Armed Forces, substitutes and volunteers,<br \/> Recipients of social welfare and ALGII, pensioners: \u20ac3.00<\/p>\n    <p>Schulklassen: Eintritt + F\u00fchrung <br \/> Preis pro Sch\u00fcler*in ab 3,50 \u20ac <\/p>\n    <p>Kinder bis 6 Jahre, Mitglieder MV-LSA, DMB, ICOM und Vereinsmitglieder der <br \/>Friedrich-Ludwig-Jahn-Gesellschaft frei<\/p>\n    <p>Reisegruppen ab 11 Personen:<br \/>Price per person 4,00 \u20ac <\/p>\n\t<h2>Please note: for technical reasons, card payment is currently not possible at the museum ticket desk and in the store.<\/h2>\n<p>&nbsp;<\/p>\n\t\t\t\t<img decoding=\"async\" src=\"https:\/\/jahn-museum.de\/wp-content\/uploads\/2021\/01\/museum-image@2x-3.jpg\" alt=\"museum-image@2x\" title=\"museum-image@2x\" itemprop=\"image\"\/>\n\t<p>Photo permission \/ filming permission<\/p>\n    <p>Exclusively private use:<br \/><b>without permission \/ free<\/b> <\/p>\n    <p>commercial use and reproduction:<br \/><b>Only with written permission of the museum management. The prices can be found in the Schedule of Fees - Appendix 2.<\/b> <\/p>\n\t<p>Offers \/ Guided tours:<\/p>\n\t<p><strong>HINWEIS: Die Kosten f\u00fcr F\u00fchrungen verstehen sich zzgl. Eintrittspreis pro Person.<\/strong><\/p>\n\t<p>30-min\u00fctige F\u00fchrung<\/p>\n    <p>1 &#8211; 10 persons: 35,00 \u20ac \/ flat rate<\/p>\n    <p>Groups from 11 persons: 3,50 \u20ac \/ per person<\/p>\n\t<p>60-min\u00fctige F\u00fchrung<\/p>\n    <p>1 &#8211; 10 persons: \u20ac 55.00 \/ flat rate<\/p>\n    <p>Groups of 11 persons or more: \u20ac 5.50 \/ per person<\/p>\n\t<p>120 Minuten Stadtf\u00fchrung mit Besuch des Jahn-Museums (Kombinierte F\u00fchrung)<\/p>\n\t<p>circa 2-st\u00fcndige Museumsf\u00fchrung mit Jahn-Stadtf\u00fchrung (mit Besichtigung der Ehrenhalle, Erinnerungsturnhalle und den drei Wohnst\u00e4tten F. L. Jahns):<\/p>\n    <p>Groups up to 10 persons: \u20ac 75.00 \/ flat rate<\/p>\n    <p>Groups of 11 or more: \u20ac 7.50 \/ per person<\/p>\n\t<p>Gl\u00fchweinf\u00fchrung &#8211; derzeit nicht verf\u00fcgbar<\/p>\n\t<p>November -February &#8211; 60 minute guided tour incl. mulled wine &amp; speculaas<\/p>\n<p>Let your gaze wander from the museum courtyard over the wintry winegrowing town and enjoy mulled wine and Christmas cookies before visiting the exhibition in the gymnastics father's home.<\/p>\n    <p>Groups up to 10 persons: \u20ac 70.00 \/ flat rate<\/p>\n    <p>Groups of 11 persons or more: \u20ac 7.00 \/ per person<\/p>\n\t<p>Genuss und Geschichte (ab 10 Personen) &#8211; derzeit nicht verf\u00fcgbar<\/p>\n\tMuseum tour with wine tasting in the museum courtyard or vaulted cellar<br \/>\nDuration: approx. 2,5 &#8211; 3 hours, number of participants: 10 &#8211; 25 persons, all year round.\n<p>After the tour, enjoy the view of our vineyards and the Unstrut valley from the terraces of the museum as well as the handmade and internationally award-winning steep-slope wines from the L\u00fcckel winery. The &#8222;Jahn wines&#8220; produced for the museum, which ripen opposite the museum on the slopes of the vineyard that once belonged to the museum, will be tasted.<\/p>\n    <p><b>Variant 1<\/b>60-minute guided tour of the Jahn Museum<br \/>followed by a tasting of 3 white wines incl. water.19,50 \u20ac \/ person<\/p>\n    <p><b>Variant 2<\/b>60-minute guided tour of the Jahn Museum<br \/> followed by tasting of 1 white wine, 1<br \/> Blanc de Noir and 1 Rose wine incl. water.19,50 \u20ac \/ person<\/p>\n    <p><b>Variant 3<\/b>60-minute guided tour of the Jahn Museum<br \/> followed by a tasting of 3 barrique wines (white and<br \/> red) incl. water.24,50 \u20ac \/ person<\/p>\n\t<p>We ask that guided tours for groups be booked in advance. Seating is available in the museum for the elderly or people with walking difficulties. Food and drinks typical of the region or wine tasting are available by arrangement after guided tours.<\/p>\n\t<p><strong>You can find the 2022\/2023 pay scale <a href=\"https:\/\/jahn-museum.de\/wp-content\/uploads\/2022\/10\/Entgeltordung-FLJM_2022.pdf\">here<\/a>.<\/strong><\/p>\n\t\t\t\t<img decoding=\"async\" src=\"https:\/\/jahn-museum.de\/wp-content\/uploads\/2021\/01\/museum-image-2@2x.jpg\" alt=\"museum-image-2@2x\" title=\"museum-image-2@2x\" itemprop=\"image\"\/>\n\t\t\t\t<img decoding=\"async\" src=\"https:\/\/jahn-museum.de\/wp-content\/uploads\/2021\/01\/ehrenhalle-img-01.png\" alt=\"ehrenhalle-img-01\" title=\"hall of honour-img-01\" itemprop=\"image\"\/>\n\t\t\t\t<img decoding=\"async\" src=\"https:\/\/jahn-museum.de\/wp-content\/uploads\/2021\/01\/museum-image-3@2x.jpg\" alt=\"museum-image-3@2x\" title=\"museum-image-3@2x\" itemprop=\"image\"\/>","protected":false},"excerpt":{"rendered":"<p>Museum Museum Entdecken F\u00fchrungen und PreiseF\u00fchrungen und Preise Eintritt Dauerausstellung (bis M\u00e4rz 2026): &#8222;Friedrich Ludwig Jahn &#8211; Leben und Wirken&#8220; Aufgrund der Generalsanierung des Jahn-Museums 2026-2029: ab Sommer 2026 ist die Dauerausstellung als Interimsausstellung in der Jahn-Ehrenhalle (Sch\u00fctzenstra\u00dfe 17) zu besichtigen. Eintrittspreise und F\u00fchrungsangebot gleichbleibend. Vollzahler*innen: 4,50 \u20ac Inhaber*innen Kurkarte: 4,00 \u20ac Erm\u00e4\u00dfigt: Kinder ab [&hellip;]<\/p>\n","protected":false},"author":1,"featured_media":0,"parent":0,"menu_order":0,"comment_status":"closed","ping_status":"closed","template":"","meta":{"inline_featured_image":false,"ocean_post_layout":"full-screen","ocean_both_sidebars_style":"","ocean_both_sidebars_content_width":0,"ocean_both_sidebars_sidebars_width":0,"ocean_sidebar":"0","ocean_second_sidebar":"0","ocean_disable_margins":"enable","ocean_add_body_class":"","ocean_shortcode_before_top_bar":"","ocean_shortcode_after_top_bar":"","ocean_shortcode_before_header":"","ocean_shortcode_after_header":"","ocean_has_shortcode":"","ocean_shortcode_after_title":"","ocean_shortcode_before_footer_widgets":"","ocean_shortcode_after_footer_widgets":"","ocean_shortcode_before_footer_bottom":"","ocean_shortcode_after_footer_bottom":"","ocean_display_top_bar":"default","ocean_display_header":"default","ocean_header_style":"","ocean_center_header_left_menu":"0","ocean_custom_header_template":"0","ocean_custom_logo":0,"ocean_custom_retina_logo":0,"ocean_custom_logo_max_width":0,"ocean_custom_logo_tablet_max_width":0,"ocean_custom_logo_mobile_max_width":0,"ocean_custom_logo_max_height":0,"ocean_custom_logo_tablet_max_height":0,"ocean_custom_logo_mobile_max_height":0,"ocean_header_custom_menu":"0","ocean_menu_typo_font_family":"0","ocean_menu_typo_font_subset":"","ocean_menu_typo_font_size":0,"ocean_menu_typo_font_size_tablet":0,"ocean_menu_typo_font_size_mobile":0,"ocean_menu_typo_font_size_unit":"px","ocean_menu_typo_font_weight":"","ocean_menu_typo_font_weight_tablet":"","ocean_menu_typo_font_weight_mobile":"","ocean_menu_typo_transform":"","ocean_menu_typo_transform_tablet":"","ocean_menu_typo_transform_mobile":"","ocean_menu_typo_line_height":0,"ocean_menu_typo_line_height_tablet":0,"ocean_menu_typo_line_height_mobile":0,"ocean_menu_typo_line_height_unit":"","ocean_menu_typo_spacing":0,"ocean_menu_typo_spacing_tablet":0,"ocean_menu_typo_spacing_mobile":0,"ocean_menu_typo_spacing_unit":"","ocean_menu_link_color":"","ocean_menu_link_color_hover":"","ocean_menu_link_color_active":"","ocean_menu_link_background":"","ocean_menu_link_hover_background":"","ocean_menu_link_active_background":"","ocean_menu_social_links_bg":"","ocean_menu_social_hover_links_bg":"","ocean_menu_social_links_color":"","ocean_menu_social_hover_links_color":"","ocean_disable_title":"on","ocean_disable_heading":"default","ocean_post_title":"","ocean_post_subheading":"","ocean_post_title_style":"","ocean_post_title_background_color":"","ocean_post_title_background":0,"ocean_post_title_bg_image_position":"","ocean_post_title_bg_image_attachment":"","ocean_post_title_bg_image_repeat":"","ocean_post_title_bg_image_size":"","ocean_post_title_height":0,"ocean_post_title_bg_overlay":0.5,"ocean_post_title_bg_overlay_color":"","ocean_disable_breadcrumbs":"default","ocean_breadcrumbs_color":"","ocean_breadcrumbs_separator_color":"","ocean_breadcrumbs_links_color":"","ocean_breadcrumbs_links_hover_color":"","ocean_display_footer_widgets":"default","ocean_display_footer_bottom":"default","ocean_custom_footer_template":"0","footnotes":""},"class_list":["post-303","page","type-page","status-publish","hentry","entry","owp-thumbs-layout-horizontal","owp-btn-normal","owp-tabs-layout-horizontal","has-no-thumbnails","has-product-nav"],"_links":{"self":[{"href":"https:\/\/jahn-museum.de\/en\/wp-json\/wp\/v2\/pages\/303","targetHints":{"allow":["GET"]}}],"collection":[{"href":"https:\/\/jahn-museum.de\/en\/wp-json\/wp\/v2\/pages"}],"about":[{"href":"https:\/\/jahn-museum.de\/en\/wp-json\/wp\/v2\/types\/page"}],"author":[{"embeddable":true,"href":"https:\/\/jahn-museum.de\/en\/wp-json\/wp\/v2\/users\/1"}],"replies":[{"embeddable":true,"href":"https:\/\/jahn-museum.de\/en\/wp-json\/wp\/v2\/comments?post=303"}],"version-history":[{"count":11,"href":"https:\/\/jahn-museum.de\/en\/wp-json\/wp\/v2\/pages\/303\/revisions"}],"predecessor-version":[{"id":2736,"href":"https:\/\/jahn-museum.de\/en\/wp-json\/wp\/v2\/pages\/303\/revisions\/2736"}],"wp:attachment":[{"href":"https:\/\/jahn-museum.de\/en\/wp-json\/wp\/v2\/media?parent=303"}],"curies":[{"name":"wp","href":"https:\/\/api.w.org\/{rel}","templated":true}]}}