{"id":326,"date":"2021-01-07T09:15:46","date_gmt":"2021-01-07T08:15:46","guid":{"rendered":"https:\/\/jahn-museum.de\/?page_id=326"},"modified":"2022-06-22T15:09:16","modified_gmt":"2022-06-22T13:09:16","slug":"angebote-fuer-schulklassen-und-kinder","status":"publish","type":"page","link":"https:\/\/jahn-museum.de\/en\/angebote-fuer-schulklassen-und-kinder\/","title":{"rendered":"Offers for school classes and children"},"content":{"rendered":"<img decoding=\"async\" loading='false' src=\"https:\/\/jahn-museum.de\/wp-content\/uploads\/2021\/01\/hero-image-museum-2.png\" alt=\"\" \/>\t\t\t\n\t\t\t\t<h1>MuseumMuseum<\/h1>\n\n\n\t<a href=\"#mehr\">Discover<br \/>\n<img decoding=\"async\" src=\"\/wp-content\/uploads\/2020\/12\/download.svg\" \/><\/a>\n\t<h2>Offers for school classesOffers for school classes and children<\/h2>\n\t\t\t\t<img decoding=\"async\" src=\"https:\/\/jahn-museum.de\/wp-content\/uploads\/2021\/01\/museum-image@2x-1.jpg\" alt=\"museum-image@2x\" title=\"museum-image@2x\" itemprop=\"image\"\/>\n\t<p>There are also lots of interesting things to see for our younger visitors. During child-friendly guided tours, children learn all kinds of interesting facts about the life of the &#8222;gymnastics father&#8220; and afterwards there is time to explore the house independently during the quiz.<\/p>\n<p>The following combined offers are also available for families, school groups and children's groups:<\/p>\n\t<h3>Offer 1In the footsteps of the gymnastics father Jahn<\/h3>\n\t<p>30 &#8211; 45 min guided tour of the Jahnmuseum suitable for children with quiz and &#8222;give away&#8220; (small museum guide):<\/p>\n    <p>Groups up to 10 children \u20ac 35.00<\/p>\n    <p>Groups of 11 children or more \u20ac 3.50 \/ per person <\/p>\n\t<strong>maximum number of participants: <\/strong><br \/>\n30 children (for larger groups split into two groups)\n<p>Subsequent snack or barbecue on the museum terrace possible on request.<\/p>\n\t<h3>Offer 2Water fun &amp; thirst for knowledge<\/h3>\n\t<p>We offer an interesting hiking day which combines paddling fun on the Unstrut and a visit to the museum.<\/p>\n<p>The hiking day starts with a canoe trip on the Unstrut (from Laucha to Freyburg). Arrived in Freyburg, the groups go for a guided tour to the Friedrich -Ludwig -Jahn- Museum.<\/p>\n<p>What do Napoleon and the Battle of Leipzig have to do with gymnastics? In the former home of the \"Turnvater&#8220;, children and young people will find answers to these and other questions. They will learn everything worth knowing about the \"Turnvater&#8220; and the gymnastics movement he initiated, which was linked to the early national movement from the very beginning. The tour is followed by refreshments in the museum garden. There are two options to choose from. Depending on the time available, the groups can barbecue on the museum grounds themselves or take advantage of a catering package (see service description). Barbecues are held on the museum terrace with its magnificent view of the beautiful Unstrut valley. In bad weather, the vaulted cellar is available. All necessary barbecue utensils are provided by the museum. Barbecue food and drinks will be organized by us. (Of course it is also possible to bring your own food and drinks).<\/p>\n\t<p>Performance Description:<\/p>\n\t<p>Paddle tour incl.:<\/p>\n\t<ul>\n\t\t<li>\t\t\n\t\t\t\t<img decoding=\"async\" src=\"https:\/\/jahn-museum.de\/wp-content\/uploads\/2021\/01\/rounded-check-mark-1.svg\" alt=\"rounded-check-mark\" title=\"rounded-check-mark\" itemprop=\"image\"\/>\n\t\t<h3><\/h3><p>professional preparation and planning<\/p><\/li><li>\t\t\n\t\t\t\t<img decoding=\"async\" src=\"https:\/\/jahn-museum.de\/wp-content\/uploads\/2021\/01\/rounded-check-mark-1.svg\" alt=\"rounded-check-mark\" title=\"rounded-check-mark\" itemprop=\"image\"\/>\n\t\t<h3><\/h3><p>high quality inflatable boats incl. complete equipment<\/p><\/li><li>\t\t\n\t\t\t\t<img decoding=\"async\" src=\"https:\/\/jahn-museum.de\/wp-content\/uploads\/2021\/01\/rounded-check-mark-1.svg\" alt=\"rounded-check-mark\" title=\"rounded-check-mark\" itemprop=\"image\"\/>\n\t\t<h3><\/h3><p>Life jackets, paddles, waterproof luggage bins<\/p><\/li><li>\t\t\n\t\t\t\t<img decoding=\"async\" src=\"https:\/\/jahn-museum.de\/wp-content\/uploads\/2021\/01\/rounded-check-mark-1.svg\" alt=\"rounded-check-mark\" title=\"rounded-check-mark\" itemprop=\"image\"\/>\n\t\t<h3><\/h3><p>Tour map, boat sponge<\/p><\/li><li>\t\t\n\t\t\t\t<img decoding=\"async\" src=\"https:\/\/jahn-museum.de\/wp-content\/uploads\/2021\/01\/rounded-check-mark-1.svg\" alt=\"rounded-check-mark\" title=\"rounded-check-mark\" itemprop=\"image\"\/>\n\t\t<h3><\/h3><p>Instruction in the technique of dinghy riding<\/p><\/li><li>\t\t\n\t\t\t\t<img decoding=\"async\" src=\"https:\/\/jahn-museum.de\/wp-content\/uploads\/2021\/01\/rounded-check-mark-1.svg\" alt=\"rounded-check-mark\" title=\"rounded-check-mark\" itemprop=\"image\"\/>\n\t\t<h3><\/h3><p>Safety and environmental briefing<\/p><\/li><li>\t\t\n\t\t\t\t<img decoding=\"async\" src=\"https:\/\/jahn-museum.de\/wp-content\/uploads\/2021\/01\/rounded-check-mark-1.svg\" alt=\"rounded-check-mark\" title=\"rounded-check-mark\" itemprop=\"image\"\/>\n\t\t<h3><\/h3><p>experienced tour guide (lifeguard) as escort<\/p><\/li><li>\t\t\n\t\t\t\t<img decoding=\"async\" src=\"https:\/\/jahn-museum.de\/wp-content\/uploads\/2021\/01\/rounded-check-mark-1.svg\" alt=\"rounded-check-mark\" title=\"rounded-check-mark\" itemprop=\"image\"\/>\n\t\t<h3><\/h3><p>Boat transfer<\/p><\/li>\t<\/ul>\n\t<p>Museum visit incl.:<\/p>\n\t<ul>\n\t\t<li>\t\t\n\t\t\t\t<img decoding=\"async\" src=\"https:\/\/jahn-museum.de\/wp-content\/uploads\/2021\/01\/rounded-check-mark-1.svg\" alt=\"rounded-check-mark\" title=\"rounded-check-mark\" itemprop=\"image\"\/>\n\t\t<h3><\/h3><p>Admission to the permanent exhibition in the Jahn Museum<\/p><\/li><li>\t\t\n\t\t\t\t<img decoding=\"async\" src=\"https:\/\/jahn-museum.de\/wp-content\/uploads\/2021\/01\/rounded-check-mark-1.svg\" alt=\"rounded-check-mark\" title=\"rounded-check-mark\" itemprop=\"image\"\/>\n\t\t<h3><\/h3><p>small museum guide for each participant<\/p><\/li><li>\t\t\n\t\t\t\t<img decoding=\"async\" src=\"https:\/\/jahn-museum.de\/wp-content\/uploads\/2021\/01\/rounded-check-mark-1.svg\" alt=\"rounded-check-mark\" title=\"rounded-check-mark\" itemprop=\"image\"\/>\n\t\t<h3><\/h3><p>Age-appropriate guided tour ( 40 -60 minutes depending on age group) by museum educators<\/p><\/li><li>\t\t\n\t\t\t\t<img decoding=\"async\" src=\"https:\/\/jahn-museum.de\/wp-content\/uploads\/2021\/01\/rounded-check-mark-1.svg\" alt=\"rounded-check-mark\" title=\"rounded-check-mark\" itemprop=\"image\"\/>\n\t\t<h3><\/h3><p>Provision of the vaulted cellar or museum garden for snacks or barbecues<\/p><\/li>\t<\/ul>\n\t<p>The following variants for arrival and departure are possible:<\/p>\n\t<ul>\n\t\t<li>\t\t\n\t\t01<h3><\/h3><p>Standard offer with own arrival and departure (e.g. by train or coach)<\/p><\/li><li>\t\t\n\t\t02<h3><\/h3><p>for overnight stay in the youth hostel in Naumburg with pick-up and return transfer by bus (PVG)<\/p><\/li><li>\t\t\n\t\t03<h3><\/h3><p>for overnight stays in Euroville with pick-up and return transfer by bus or train<\/p><\/li><li>\t\t\n\t\t04<h3><\/h3><p>with overnight stay in the youth hostel in Nebra also with pick-up and return transfer by bus or train<\/p><\/li><li>\t\t\n\t\t05<h3><\/h3><p>for overnight stay in the youth house St. Michael in Rossbach with pick-up and return transfer by bus or train<\/p><\/li><li>\t\t\n\t\t06<h3><\/h3><p>in case of overnight stay in Balgst\u00e4dt Castle &#8211; here only one transfer from Balgst\u00e4dt to Laucha , because the students can walk the way back from Freyburg to Balgst\u00e4dt<\/p><\/li>\t<\/ul>\n\t\t\t\t<img decoding=\"async\" src=\"https:\/\/jahn-museum.de\/wp-content\/uploads\/2021\/01\/image-museum@2x-1.jpg\" alt=\"image-museum@2x\" title=\"image-museum@2x\" itemprop=\"image\"\/>\n\t\t\t\t<img decoding=\"async\" src=\"https:\/\/jahn-museum.de\/wp-content\/uploads\/2021\/01\/image-museum-2@2x-1.jpg\" alt=\"image-museum-2@2x\" title=\"image-museum-2@2x\" itemprop=\"image\"\/>\n\t<p>Board (can be booked additionally if desired):<\/p>\n    <p><b>Snack pack (per person):<\/b><br \/>2 Wiener with ketchup or mustard a roll + fruit (apple or banana) + 1 yoghurt and a 0,2L juice carton<\/p>\n    <p><b>Barbecue package (per person):<\/b><br \/>1 sausage or steak with roll, ketchup and mustard, water or juice incl. provision of barbecue utensils<\/p>\n\t<p>Price (for group of 15 people or more):<\/p>\n    <p>Museum visit and paddle tour <b>without vespers or<\/b><br \/><b>Barbecue package: 24,50 Euro<\/b> ( incl. VAT ) 24,50 \u20ac \/ per participant <\/p>\n    <p>Museum visit and paddle tour <b>with vespers or<\/b><br \/><b>or barbecue package: 30,00 Euro<\/b> ( incl. VAT ) 30,00 \u20ac \/ per participant <\/p>\n    <p><b>Paddle Tour:<\/b> 2 free places for teachers free \/ for teachers <\/p>\n    <p><b>Museum:<\/b> 2 free places for teachers (applies only to guided tours\/<br \/> Admission, not for food package) free \/ for teachers <\/p>\n\t<p>You can find more information under<\/p>\n\t\t\t<a href=\"https:\/\/www.kanuverleih-nebra.de\/?action=047_Klassenfahrt_Schlauchboottour_Unstrut_Turnvater_Jahn_Museum\" target=\"_blank\" rel=\"noopener\" role=\"button\">\n\t\t\t\t\t\t\tcanoe-rental-nebra.de\n\t\t\t\t\t\t\t\t\t<img decoding=\"async\" src=\"https:\/\/jahn-museum.de\/wp-content\/uploads\/2020\/12\/right-arrow-1.svg\"\/>\n\t\t<\/a>","protected":false},"excerpt":{"rendered":"<p>MuseumMuseum Entdecken Angebote f\u00fcr SchulklassenAngebote f\u00fcr Schulklassen und Kinder Auch f\u00fcr unsere kleinen Besucher gibt es bei uns viel Interessantes zu sehen. Bei kindgerechten F\u00fchrungen erfahren Kinder allerlei Wissenswertes aus dem Leben des &#8222;Turnvaters&#8220; und beim anschlie\u00dfenden Quiz ist Zeit das Haus selbstst\u00e4ndig zu Erkunden. F\u00fcr Familien, Sch\u00fcler- und Kindergruppen gibt es zudem folgende Kombiangebote: [&hellip;]<\/p>\n","protected":false},"author":1,"featured_media":0,"parent":0,"menu_order":0,"comment_status":"closed","ping_status":"closed","template":"","meta":{"inline_featured_image":false,"ocean_post_layout":"full-screen","ocean_both_sidebars_style":"","ocean_both_sidebars_content_width":0,"ocean_both_sidebars_sidebars_width":0,"ocean_sidebar":"0","ocean_second_sidebar":"0","ocean_disable_margins":"enable","ocean_add_body_class":"","ocean_shortcode_before_top_bar":"","ocean_shortcode_after_top_bar":"","ocean_shortcode_before_header":"","ocean_shortcode_after_header":"","ocean_has_shortcode":"","ocean_shortcode_after_title":"","ocean_shortcode_before_footer_widgets":"","ocean_shortcode_after_footer_widgets":"","ocean_shortcode_before_footer_bottom":"","ocean_shortcode_after_footer_bottom":"","ocean_display_top_bar":"default","ocean_display_header":"default","ocean_header_style":"","ocean_center_header_left_menu":"0","ocean_custom_header_template":"0","ocean_custom_logo":0,"ocean_custom_retina_logo":0,"ocean_custom_logo_max_width":0,"ocean_custom_logo_tablet_max_width":0,"ocean_custom_logo_mobile_max_width":0,"ocean_custom_logo_max_height":0,"ocean_custom_logo_tablet_max_height":0,"ocean_custom_logo_mobile_max_height":0,"ocean_header_custom_menu":"0","ocean_menu_typo_font_family":"0","ocean_menu_typo_font_subset":"","ocean_menu_typo_font_size":0,"ocean_menu_typo_font_size_tablet":0,"ocean_menu_typo_font_size_mobile":0,"ocean_menu_typo_font_size_unit":"px","ocean_menu_typo_font_weight":"","ocean_menu_typo_font_weight_tablet":"","ocean_menu_typo_font_weight_mobile":"","ocean_menu_typo_transform":"","ocean_menu_typo_transform_tablet":"","ocean_menu_typo_transform_mobile":"","ocean_menu_typo_line_height":0,"ocean_menu_typo_line_height_tablet":0,"ocean_menu_typo_line_height_mobile":0,"ocean_menu_typo_line_height_unit":"","ocean_menu_typo_spacing":0,"ocean_menu_typo_spacing_tablet":0,"ocean_menu_typo_spacing_mobile":0,"ocean_menu_typo_spacing_unit":"","ocean_menu_link_color":"","ocean_menu_link_color_hover":"","ocean_menu_link_color_active":"","ocean_menu_link_background":"","ocean_menu_link_hover_background":"","ocean_menu_link_active_background":"","ocean_menu_social_links_bg":"","ocean_menu_social_hover_links_bg":"","ocean_menu_social_links_color":"","ocean_menu_social_hover_links_color":"","ocean_disable_title":"on","ocean_disable_heading":"default","ocean_post_title":"","ocean_post_subheading":"","ocean_post_title_style":"","ocean_post_title_background_color":"","ocean_post_title_background":0,"ocean_post_title_bg_image_position":"","ocean_post_title_bg_image_attachment":"","ocean_post_title_bg_image_repeat":"","ocean_post_title_bg_image_size":"","ocean_post_title_height":0,"ocean_post_title_bg_overlay":0.5,"ocean_post_title_bg_overlay_color":"","ocean_disable_breadcrumbs":"default","ocean_breadcrumbs_color":"","ocean_breadcrumbs_separator_color":"","ocean_breadcrumbs_links_color":"","ocean_breadcrumbs_links_hover_color":"","ocean_display_footer_widgets":"default","ocean_display_footer_bottom":"default","ocean_custom_footer_template":"0","footnotes":""},"class_list":["post-326","page","type-page","status-publish","hentry","entry","owp-thumbs-layout-horizontal","owp-btn-normal","owp-tabs-layout-horizontal","has-no-thumbnails","has-product-nav"],"_links":{"self":[{"href":"https:\/\/jahn-museum.de\/en\/wp-json\/wp\/v2\/pages\/326","targetHints":{"allow":["GET"]}}],"collection":[{"href":"https:\/\/jahn-museum.de\/en\/wp-json\/wp\/v2\/pages"}],"about":[{"href":"https:\/\/jahn-museum.de\/en\/wp-json\/wp\/v2\/types\/page"}],"author":[{"embeddable":true,"href":"https:\/\/jahn-museum.de\/en\/wp-json\/wp\/v2\/users\/1"}],"replies":[{"embeddable":true,"href":"https:\/\/jahn-museum.de\/en\/wp-json\/wp\/v2\/comments?post=326"}],"version-history":[{"count":31,"href":"https:\/\/jahn-museum.de\/en\/wp-json\/wp\/v2\/pages\/326\/revisions"}],"predecessor-version":[{"id":2071,"href":"https:\/\/jahn-museum.de\/en\/wp-json\/wp\/v2\/pages\/326\/revisions\/2071"}],"wp:attachment":[{"href":"https:\/\/jahn-museum.de\/en\/wp-json\/wp\/v2\/media?parent=326"}],"curies":[{"name":"wp","href":"https:\/\/api.w.org\/{rel}","templated":true}]}}