{"id":362,"date":"2021-01-07T13:19:38","date_gmt":"2021-01-07T12:19:38","guid":{"rendered":"https:\/\/jahn-museum.de\/?page_id=362"},"modified":"2026-01-08T11:21:13","modified_gmt":"2026-01-08T10:21:13","slug":"oeffnungszeiten-und-anfahrt","status":"publish","type":"page","link":"https:\/\/jahn-museum.de\/en\/oeffnungszeiten-und-anfahrt\/","title":{"rendered":"Opening hours and directions"},"content":{"rendered":"<img decoding=\"async\" loading=\"false\" src=\"https:\/\/jahn-museum.de\/wp-content\/uploads\/2021\/01\/hero-image-museum-3.png\" alt=\"\" \/>\t\t\t\n\t\t\t\t<h1>MuseumMuseum <\/h1>\n\n\n\t<a href=\"#mehr\">Discover<br \/>\n<img decoding=\"async\" src=\"\/wp-content\/uploads\/2020\/12\/download.svg\" \/><\/a>\n\t<h2>Opening hours and directionsOpening hours and directions<\/h2>\n\t\t\t\t<img decoding=\"async\" src=\"https:\/\/jahn-museum.de\/wp-content\/uploads\/2021\/01\/museum-image@2x-2.jpg\" alt=\"museum-image@2x\" title=\"museum-image@2x\" itemprop=\"image\"\/>\n\t<p>Friedrich Ludwig Jahn Museum<\/p>\n\tSchlo\u00dfstra\u00dfe 11<br \/>\n06632 Freyburg (Unstrut)<br \/>\nPhone: +49 34464 27426\n<p>E-Mail: info@jahn-museum.de<\/p>\n\t<p>Opening hours<\/p>\n\t<p>Wegen Umzugs- und Sanierungsvorbereitungen sind F\u00fchrungen und Besuche bis Ende M\u00e4rz 2026\u00a0<strong>nur noch auf Anfrage m\u00f6glich.<\/strong> Kontaktieren Sie uns gerne!<\/p>\n\t<h3>Besucherinformation Sanierung 2026 bis 2028:<\/h3>\n<p>Ab April 2026 bis Ende 2028 wird das Jahn-Museum im ehemaligen Wohnhaus des Turnvaters f\u00fcr eine Generalsanierung geschlossen.<\/p>\n<p>Bis Ende M\u00e4rz 2026 ist das Museum nur noch auf Anfrage und f\u00fcr F\u00fchrungen ge\u00f6ffnet (Mo-Sa). Sprechen Sie uns gerne an.<\/p>\n<p>Bis Sommer 2026 wird in der Jahn-Ehrenhalle in Freyburgs Innenstadt (Sch\u00fctzenstra\u00dfe 17) eine Interimsausstellung eingerichtet. W\u00e4hrend der Zeit der Sanierung am Wohnhaus bieten wir dort ein volles Ausstellungs-programm einschlie\u00dflich museumsp\u00e4dagogischem Angebot. Genaue Infos geben wir rechtzeitig bekannt.<\/p>\n\t<strong><br \/>\nBarrierefreiheit<\/strong>\n<p>Bitte beachten Sie: das Jahn-Museum ist derzeit leider nicht barrierefrei zug\u00e4ngig. Bitte kontaktieren Sie uns wenn Sie Hilfe beim Zugang ben\u00f6tigen.<\/p>\n\t\t\t\t<img decoding=\"async\" src=\"https:\/\/jahn-museum.de\/wp-content\/uploads\/2021\/01\/img-map@2x-scaled.jpg\" alt=\"img-map@2x\" title=\"img-map@2x\" itemprop=\"image\"\/>\n\t\t\t<a href=\"https:\/\/www.google.de\/maps\/place\/Schlo%C3%9Fstra%C3%9Fe+11,+06632+Freyburg+(Unstrut)\/@51.20959,11.77155,14z\/data=!4m5!3m4!1s0x47a69baf63685195:0xc7fd94fcc582eb18!8m2!3d51.2095797!4d11.7716399 \" target=\"_blank\" rel=\"noopener\"  role=\"button\">\n\t\t\t\t\t\t\tMap view on Google\n\t\t\t\t\t\t\t\t\t<img decoding=\"async\" src=\"https:\/\/jahn-museum.de\/wp-content\/uploads\/2020\/12\/right-arrow-1.svg\"\/>\n\t\t<\/a>\n\t<p>Your journey by train<\/p>\n\t\t\t<a href=\"https:\/\/reiseauskunft.bahn.de\/bin\/query.exe\/dn?dbkanal_004=L01_S01_D001_KPK0064_www-saale-unstrut-tourismus-de_LZ03\" target=\"_blank\" rel=\"noopener\"  role=\"button\">\n\t\t\t\t\t\t\tPlan your trip now\n\t\t\t\t\t\t\t\t\t<img decoding=\"async\" src=\"https:\/\/jahn-museum.de\/wp-content\/uploads\/2021\/02\/db-logo-svg.svg\"\/>\n\t\t<\/a>\n\t<p>Mobile on site:<\/p>\n\t<p>For travelling within Saale-Unstrut use the <a href=\"https:\/\/www.abellio.de\/de\/mitteldeutschland\" rel=\"noopener\" target=\"_blank\">Regional train Abellio<\/a> and local public transport. In addition, you can also reach the neighbouring regions of Kyffh\u00e4userkreis, Apolda, Saale-Holzland-Kreis, Greiz, Altenburger Land, Leipziger Land and the city of Gera with the PVG Burgenlandkreis via individual lines.<\/p>\n<p><a href=\"https:\/\/www.insa.de\/\" rel=\"noopener\" target=\"_blank\">Here you get to the timetable information.<\/a><\/p>\n\t<p>Your journey by car<\/p>\n\t<p>Directions for your navigation system<\/p>\n\tCastle road 11<br \/>\n06632 Freyburg (Unstrut)<br \/>\n<em>Folgen Sie auch der Ausschilderung.<\/em>\n\t<p>Approach via the A4<\/p>\n\tTake the motorway exit 50 Apolda,<br \/>\nfollow the B87 in the direction of Eckartsberga,<br \/>\nchange to the B250 in the direction of Bad Bibra,<br \/>\nafter Bad Bibra change to the B176 direction Freyburg via Laucha.\n\t<p>Approach via the A9 from the south<\/p>\n\tTake the motorway exit 21a Naumburg,<br \/>\nfollow the B180 in the direction of Naumburg,<br \/>\nfollow the signs in the direction of Freyburg.\n\t<p>Approach via the A9 from the north<\/p>\n\tAt the Rippachtal motorway junction, change to the A38 towards Leuna,<br \/>\ntake the motorway exit 25 Merseburg S\u00fcd,<br \/>\nfollow the signs to Freyburg (K2173, L181, L189, B176),<br \/>\nat the roundabout before Freyburg take the second exit.\n\t<p>Approach via the A38 from the west<\/p>\n\tTake motorway exit 19 (end of motorway),<br \/>\nchange to the B180 in the direction of Querfurt,<br \/>\nfollow the signs to Freyburg.\n<p>&nbsp;<\/p>\n\t<p><strong>Parking<\/strong><\/p>\n<p>Direkt am Museum in der Schlossstra\u00dfe stehen einige kostenlose Parkpl\u00e4tze (Parkbuchten) zur Verf\u00fcgung. Nutzen Sie bitte auch den Besucherparkplatz in der M\u00fchlstra\u00dfe.<\/p>\n\t\t\t\t<img decoding=\"async\" src=\"https:\/\/jahn-museum.de\/wp-content\/uploads\/2021\/01\/image-museum@2x-2.jpg\" alt=\"image-museum@2x\" title=\"image-museum@2x\" itemprop=\"image\"\/>\n\t\t\t\t<img decoding=\"async\" src=\"https:\/\/jahn-museum.de\/wp-content\/uploads\/2021\/01\/hero-image-museum-4.png\" alt=\"hero-image-museum\" title=\"hero-image-museum\" itemprop=\"image\"\/>","protected":false},"excerpt":{"rendered":"<p>MuseumMuseum Entdecken \u00d6ffnungszeiten und Anfahrt\u00d6ffnungszeiten und Anfahrt Friedrich-Ludwig-Jahn-Museum Schlo\u00dfstra\u00dfe 11 06632 Freyburg (Unstrut) Telefon: +49 34464 27426 E-Mail: info@jahn-museum.de \u00d6ffnungszeiten Wegen Umzugs- und Sanierungsvorbereitungen sind F\u00fchrungen und Besuche bis Ende M\u00e4rz 2026\u00a0nur noch auf Anfrage m\u00f6glich. Kontaktieren Sie uns gerne! Besucherinformation Sanierung 2026 bis 2028: Ab April 2026 bis Ende 2028 wird das Jahn-Museum im [&hellip;]<\/p>\n","protected":false},"author":1,"featured_media":0,"parent":0,"menu_order":0,"comment_status":"closed","ping_status":"closed","template":"","meta":{"inline_featured_image":false,"ocean_post_layout":"full-screen","ocean_both_sidebars_style":"","ocean_both_sidebars_content_width":0,"ocean_both_sidebars_sidebars_width":0,"ocean_sidebar":"0","ocean_second_sidebar":"0","ocean_disable_margins":"enable","ocean_add_body_class":"","ocean_shortcode_before_top_bar":"","ocean_shortcode_after_top_bar":"","ocean_shortcode_before_header":"","ocean_shortcode_after_header":"","ocean_has_shortcode":"","ocean_shortcode_after_title":"","ocean_shortcode_before_footer_widgets":"","ocean_shortcode_after_footer_widgets":"","ocean_shortcode_before_footer_bottom":"","ocean_shortcode_after_footer_bottom":"","ocean_display_top_bar":"default","ocean_display_header":"default","ocean_header_style":"","ocean_center_header_left_menu":"0","ocean_custom_header_template":"0","ocean_custom_logo":0,"ocean_custom_retina_logo":0,"ocean_custom_logo_max_width":0,"ocean_custom_logo_tablet_max_width":0,"ocean_custom_logo_mobile_max_width":0,"ocean_custom_logo_max_height":0,"ocean_custom_logo_tablet_max_height":0,"ocean_custom_logo_mobile_max_height":0,"ocean_header_custom_menu":"0","ocean_menu_typo_font_family":"0","ocean_menu_typo_font_subset":"","ocean_menu_typo_font_size":0,"ocean_menu_typo_font_size_tablet":0,"ocean_menu_typo_font_size_mobile":0,"ocean_menu_typo_font_size_unit":"px","ocean_menu_typo_font_weight":"","ocean_menu_typo_font_weight_tablet":"","ocean_menu_typo_font_weight_mobile":"","ocean_menu_typo_transform":"","ocean_menu_typo_transform_tablet":"","ocean_menu_typo_transform_mobile":"","ocean_menu_typo_line_height":0,"ocean_menu_typo_line_height_tablet":0,"ocean_menu_typo_line_height_mobile":0,"ocean_menu_typo_line_height_unit":"","ocean_menu_typo_spacing":0,"ocean_menu_typo_spacing_tablet":0,"ocean_menu_typo_spacing_mobile":0,"ocean_menu_typo_spacing_unit":"","ocean_menu_link_color":"","ocean_menu_link_color_hover":"","ocean_menu_link_color_active":"","ocean_menu_link_background":"","ocean_menu_link_hover_background":"","ocean_menu_link_active_background":"","ocean_menu_social_links_bg":"","ocean_menu_social_hover_links_bg":"","ocean_menu_social_links_color":"","ocean_menu_social_hover_links_color":"","ocean_disable_title":"on","ocean_disable_heading":"default","ocean_post_title":"","ocean_post_subheading":"","ocean_post_title_style":"","ocean_post_title_background_color":"","ocean_post_title_background":0,"ocean_post_title_bg_image_position":"","ocean_post_title_bg_image_attachment":"","ocean_post_title_bg_image_repeat":"","ocean_post_title_bg_image_size":"","ocean_post_title_height":0,"ocean_post_title_bg_overlay":0.5,"ocean_post_title_bg_overlay_color":"","ocean_disable_breadcrumbs":"default","ocean_breadcrumbs_color":"","ocean_breadcrumbs_separator_color":"","ocean_breadcrumbs_links_color":"","ocean_breadcrumbs_links_hover_color":"","ocean_display_footer_widgets":"default","ocean_display_footer_bottom":"default","ocean_custom_footer_template":"0","footnotes":""},"class_list":["post-362","page","type-page","status-publish","hentry","entry","owp-thumbs-layout-horizontal","owp-btn-normal","owp-tabs-layout-horizontal","has-no-thumbnails","has-product-nav"],"_links":{"self":[{"href":"https:\/\/jahn-museum.de\/en\/wp-json\/wp\/v2\/pages\/362","targetHints":{"allow":["GET"]}}],"collection":[{"href":"https:\/\/jahn-museum.de\/en\/wp-json\/wp\/v2\/pages"}],"about":[{"href":"https:\/\/jahn-museum.de\/en\/wp-json\/wp\/v2\/types\/page"}],"author":[{"embeddable":true,"href":"https:\/\/jahn-museum.de\/en\/wp-json\/wp\/v2\/users\/1"}],"replies":[{"embeddable":true,"href":"https:\/\/jahn-museum.de\/en\/wp-json\/wp\/v2\/comments?post=362"}],"version-history":[{"count":11,"href":"https:\/\/jahn-museum.de\/en\/wp-json\/wp\/v2\/pages\/362\/revisions"}],"predecessor-version":[{"id":2724,"href":"https:\/\/jahn-museum.de\/en\/wp-json\/wp\/v2\/pages\/362\/revisions\/2724"}],"wp:attachment":[{"href":"https:\/\/jahn-museum.de\/en\/wp-json\/wp\/v2\/media?parent=362"}],"curies":[{"name":"wp","href":"https:\/\/api.w.org\/{rel}","templated":true}]}}