{"id":412,"date":"2021-01-08T07:33:13","date_gmt":"2021-01-08T06:33:13","guid":{"rendered":"https:\/\/jahn-museum.de\/?page_id=412"},"modified":"2021-05-06T10:10:46","modified_gmt":"2021-05-06T08:10:46","slug":"freyburg-turnhalle","status":"publish","type":"page","link":"https:\/\/jahn-museum.de\/en\/freyburg-turnhalle\/","title":{"rendered":"Freyburg &#8211; gym"},"content":{"rendered":"\n\n\t\t\t<img decoding=\"async\" loading='false' src=\"https:\/\/jahn-museum.de\/wp-content\/uploads\/2021\/01\/hero-image-museum-6.png\" alt=\"\" \/>\t\t\t\n\t\t\t\t<h1>Museum Museum <\/h1>\n\n\n\t<a href=\"#mehr\">Entdecken<br \/>\n<img decoding=\"async\" src=\"\/wp-content\/uploads\/2020\/12\/download.svg\" \/><\/a>\n\t<p>Freyburg &#8211; Wohnhaus<\/p>\n\t\n\t<p>Sie sind hier<\/p>\n\t<p>Freyburg &#8211; Turnhalle<\/p>\n\t<p>Freyburg &#8211; Ehrenhalle<\/p>\n\t\n\t<h2>Freyburg &#8211; TurnhalleFreyburg &#8211; Turnhalle<\/h2>\n\t\t\t\t<img decoding=\"async\" src=\"https:\/\/jahn-museum.de\/wp-content\/uploads\/2021\/01\/museum-image.png\" alt=\"museum-image\" title=\"museum-image\" itemprop=\"image\"\/>\n\tFriedrich-Ludwig-Jahn-Erinnerungsturnhalle<br \/>\nin Freyburg (Unstrut), Foto: J. Leirich (2008)\n\t<p>Am 10. Juni 1894 trafen sich mehr als 3000 Turner aus allen Turngauen Deutschlands und \u00d6sterreichs zur Einweihung der Erinnerungsturnhalle.<\/p>\n\t<ul>\n\t\t<li>\t\t\n\t\t\t\t<img decoding=\"async\" src=\"https:\/\/jahn-museum.de\/wp-content\/uploads\/2020\/12\/right-arrow-1.svg\" alt=\"right-arrow\" title=\"right-arrow\" itemprop=\"image\"\/>\n\t\t<h3><\/h3><p>Zum einen diente das Geb\u00e4ude als repr\u00e4sentativer Erinnerungsort, in dessen Krypta unterhalb des Giebels der \u201eTurnvater&#8220; Friedrich Ludwig Jahn seine letzte Ruhe finden sollte.\u00a0<\/p><\/li><li>\t\t\n\t\t\t\t<img decoding=\"async\" src=\"https:\/\/jahn-museum.de\/wp-content\/uploads\/2020\/12\/right-arrow-1.svg\" alt=\"right-arrow\" title=\"right-arrow\" itemprop=\"image\"\/>\n\t\t<h3><\/h3><p>Zum anderen sollte die aufwendig gestaltete Turnhalle Ausdruck der Wertsch\u00e4tzung sein, die man dem Deutschen Turnen, welches nach dem Erscheinen des Hauptwerkes von Jahn und Eiselen \u201eDie Deutsche Turnkunst&#8220; (1816) eine bedeutende Entwicklung genommen hat und zur Gr\u00fcndung tausender Turnvereine und des Deutschen Turner-Bundes (1848) f\u00fchrte, entgegenbrachte.<\/p><\/li>\t<\/ul>\n\t\t\t\t<img loading=\"lazy\" decoding=\"async\" src=\"https:\/\/jahn-museum.de\/wp-content\/uploads\/2021\/01\/turnhalle-img-01.jpg\" alt=\"turnhalle-img-01\" itemprop=\"image\" height=\"651\" width=\"647\" title=\"turnhalle-img-01\" onerror=\"this.style.display='none'\"  \/>\n\t\t\t\t<img loading=\"lazy\" decoding=\"async\" src=\"https:\/\/jahn-museum.de\/wp-content\/uploads\/2021\/01\/turnhalle-img-02.png\" alt=\"turnhalle-img-02\" itemprop=\"image\" height=\"323\" width=\"324\" title=\"turnhalle-img-02\" onerror=\"this.style.display='none'\"  \/>\n\t\t\t\t<img loading=\"lazy\" decoding=\"async\" src=\"https:\/\/jahn-museum.de\/wp-content\/uploads\/2021\/01\/turnhalle-img-03.png\" alt=\"turnhalle-img-03\" itemprop=\"image\" height=\"323\" width=\"324\" title=\"turnhalle-img-03\" onerror=\"this.style.display='none'\"  \/>\n\t\t\t\t<img loading=\"lazy\" decoding=\"async\" src=\"https:\/\/jahn-museum.de\/wp-content\/uploads\/2021\/01\/turnhalle-img-05.png\" alt=\"turnhalle-img-05\" itemprop=\"image\" height=\"651\" width=\"358\" title=\"turnhalle-img-05\" onerror=\"this.style.display='none'\"  \/>\n\t\t\t\t<img loading=\"lazy\" decoding=\"async\" src=\"https:\/\/jahn-museum.de\/wp-content\/uploads\/2021\/01\/turnhalle-img-04.png\" alt=\"turnhalle-img-04\" itemprop=\"image\" height=\"323\" width=\"324\" title=\"turnhalle-img-04\" onerror=\"this.style.display='none'\"  \/>\n\t\t\t\t<img loading=\"lazy\" decoding=\"async\" src=\"https:\/\/jahn-museum.de\/wp-content\/uploads\/2021\/01\/turnhalle-img-06.png\" alt=\"turnhalle-img-06\" itemprop=\"image\" height=\"323\" width=\"324\" title=\"turnhalle-img-06\" onerror=\"this.style.display='none'\"  \/>\n\t<p>In der Schenkungsurkunde der Deutschen Turnerschaft an die Stadt Freyburg ist festgehalten:<\/p>\n\t<p>\u201eDie Stadtgemeinde Freyburg \u00fcbernimmt die Turnhalle samt dem neu hergestellten Grabdenkmale und den in der Halle befindlichen Ger\u00e4ten und [&#8230;] \u00fcberl\u00e4sst das hinter der Halle [&#8230;] gelegene Zimmer zur Aufnahme eines im Eigentum der Deutschen Turnerschaft bleibenden Jahn-Museums [&#8230;]&#8220;<\/p>\n\t<p>Die Giebelseite der Halle wurde \u00fcber der alten Grabst\u00e4tte mit der B\u00fcste Jahns als Ort f\u00fcr Gedenkveranstaltungen hergerichtet.<\/p>\n<p>Bis heute wird die Erinnerungsturnhalle von den Freyburger Schulen und Vereinen als Trainingst\u00e4tte genutzt. 1994 wurde die Turnhalle saniert und mit einem unterirdischen Sanit\u00e4rtrakt erg\u00e4nzt.<\/p>\n\t\t\t\t<img decoding=\"async\" src=\"https:\/\/jahn-museum.de\/wp-content\/uploads\/2021\/01\/turnhalle-image.jpg\" alt=\"turnhalle-image\" title=\"turnhalle-image\" itemprop=\"image\"\/>\n\t\t\n","protected":false},"excerpt":{"rendered":"<p>Museum Museum Entdecken Freyburg &#8211; Wohnhaus Sie sind hier Freyburg &#8211; Turnhalle Freyburg &#8211; Ehrenhalle Freyburg &#8211; TurnhalleFreyburg &#8211; Turnhalle Friedrich-Ludwig-Jahn-Erinnerungsturnhalle in Freyburg (Unstrut), Foto: J. Leirich (2008) Am 10. Juni 1894 trafen sich mehr als 3000 Turner aus allen Turngauen Deutschlands und \u00d6sterreichs zur Einweihung der Erinnerungsturnhalle. Zum einen diente das Geb\u00e4ude als repr\u00e4sentativer [&hellip;]<\/p>\n","protected":false},"author":1,"featured_media":0,"parent":0,"menu_order":0,"comment_status":"closed","ping_status":"closed","template":"","meta":{"inline_featured_image":false,"ocean_post_layout":"full-screen","ocean_both_sidebars_style":"","ocean_both_sidebars_content_width":0,"ocean_both_sidebars_sidebars_width":0,"ocean_sidebar":"0","ocean_second_sidebar":"0","ocean_disable_margins":"enable","ocean_add_body_class":"","ocean_shortcode_before_top_bar":"","ocean_shortcode_after_top_bar":"","ocean_shortcode_before_header":"","ocean_shortcode_after_header":"","ocean_has_shortcode":"","ocean_shortcode_after_title":"","ocean_shortcode_before_footer_widgets":"","ocean_shortcode_after_footer_widgets":"","ocean_shortcode_before_footer_bottom":"","ocean_shortcode_after_footer_bottom":"","ocean_display_top_bar":"default","ocean_display_header":"default","ocean_header_style":"","ocean_center_header_left_menu":"0","ocean_custom_header_template":"0","ocean_custom_logo":0,"ocean_custom_retina_logo":0,"ocean_custom_logo_max_width":0,"ocean_custom_logo_tablet_max_width":0,"ocean_custom_logo_mobile_max_width":0,"ocean_custom_logo_max_height":0,"ocean_custom_logo_tablet_max_height":0,"ocean_custom_logo_mobile_max_height":0,"ocean_header_custom_menu":"0","ocean_menu_typo_font_family":"0","ocean_menu_typo_font_subset":"","ocean_menu_typo_font_size":0,"ocean_menu_typo_font_size_tablet":0,"ocean_menu_typo_font_size_mobile":0,"ocean_menu_typo_font_size_unit":"px","ocean_menu_typo_font_weight":"","ocean_menu_typo_font_weight_tablet":"","ocean_menu_typo_font_weight_mobile":"","ocean_menu_typo_transform":"","ocean_menu_typo_transform_tablet":"","ocean_menu_typo_transform_mobile":"","ocean_menu_typo_line_height":0,"ocean_menu_typo_line_height_tablet":0,"ocean_menu_typo_line_height_mobile":0,"ocean_menu_typo_line_height_unit":"","ocean_menu_typo_spacing":0,"ocean_menu_typo_spacing_tablet":0,"ocean_menu_typo_spacing_mobile":0,"ocean_menu_typo_spacing_unit":"","ocean_menu_link_color":"","ocean_menu_link_color_hover":"","ocean_menu_link_color_active":"","ocean_menu_link_background":"","ocean_menu_link_hover_background":"","ocean_menu_link_active_background":"","ocean_menu_social_links_bg":"","ocean_menu_social_hover_links_bg":"","ocean_menu_social_links_color":"","ocean_menu_social_hover_links_color":"","ocean_disable_title":"on","ocean_disable_heading":"default","ocean_post_title":"","ocean_post_subheading":"","ocean_post_title_style":"","ocean_post_title_background_color":"","ocean_post_title_background":0,"ocean_post_title_bg_image_position":"","ocean_post_title_bg_image_attachment":"","ocean_post_title_bg_image_repeat":"","ocean_post_title_bg_image_size":"","ocean_post_title_height":0,"ocean_post_title_bg_overlay":0.5,"ocean_post_title_bg_overlay_color":"","ocean_disable_breadcrumbs":"default","ocean_breadcrumbs_color":"","ocean_breadcrumbs_separator_color":"","ocean_breadcrumbs_links_color":"","ocean_breadcrumbs_links_hover_color":"","ocean_display_footer_widgets":"default","ocean_display_footer_bottom":"default","ocean_custom_footer_template":"0","footnotes":""},"class_list":["post-412","page","type-page","status-publish","hentry","entry","owp-thumbs-layout-horizontal","owp-btn-normal","owp-tabs-layout-horizontal","has-no-thumbnails","has-product-nav"],"_links":{"self":[{"href":"https:\/\/jahn-museum.de\/en\/wp-json\/wp\/v2\/pages\/412","targetHints":{"allow":["GET"]}}],"collection":[{"href":"https:\/\/jahn-museum.de\/en\/wp-json\/wp\/v2\/pages"}],"about":[{"href":"https:\/\/jahn-museum.de\/en\/wp-json\/wp\/v2\/types\/page"}],"author":[{"embeddable":true,"href":"https:\/\/jahn-museum.de\/en\/wp-json\/wp\/v2\/users\/1"}],"replies":[{"embeddable":true,"href":"https:\/\/jahn-museum.de\/en\/wp-json\/wp\/v2\/comments?post=412"}],"version-history":[{"count":10,"href":"https:\/\/jahn-museum.de\/en\/wp-json\/wp\/v2\/pages\/412\/revisions"}],"predecessor-version":[{"id":1181,"href":"https:\/\/jahn-museum.de\/en\/wp-json\/wp\/v2\/pages\/412\/revisions\/1181"}],"wp:attachment":[{"href":"https:\/\/jahn-museum.de\/en\/wp-json\/wp\/v2\/media?parent=412"}],"curies":[{"name":"wp","href":"https:\/\/api.w.org\/{rel}","templated":true}]}}