{"id":462,"date":"2021-01-11T13:29:04","date_gmt":"2021-01-11T12:29:04","guid":{"rendered":"https:\/\/jahn-museum.de\/?page_id=462"},"modified":"2025-07-03T11:26:37","modified_gmt":"2025-07-03T09:26:37","slug":"wissenschaftliche-aufsaetze","status":"publish","type":"page","link":"https:\/\/jahn-museum.de\/en\/wissenschaftliche-aufsaetze\/","title":{"rendered":"Scientific essays"},"content":{"rendered":"<img decoding=\"async\" loading='false' src=\"https:\/\/jahn-museum.de\/wp-content\/uploads\/2021\/01\/hero-image-publikationen-1.png\" alt=\"\" \/>\t\t\t\n\t\t\t\t<h1>PublicationsPublications<\/h1>\n\n\n\t<a href=\"#mehr\">Discover<br \/>\n<img decoding=\"async\" src=\"\/wp-content\/uploads\/2020\/12\/download.svg\" \/><\/a>\n\t\t\t\t<img decoding=\"async\" src=\"https:\/\/jahn-museum.de\/wp-content\/uploads\/2021\/01\/document.svg\" alt=\"document\" title=\"document\" itemprop=\"image\"\/>\n\t\t\t<p>They're here:<\/p>\t\t\t\n\t\t\t\t<p>Scientific essays<\/p>\n<a href=\"#wissenschaftliche-aufsaetze\" target=\"_self\">Learn more<\/a>\t\t\t \n\t\t\t\t<img decoding=\"async\" src=\"https:\/\/jahn-museum.de\/wp-content\/uploads\/2021\/01\/document.svg\" alt=\"document\" title=\"document\" itemprop=\"image\"\/>\n\t\t\t\t<p>Jahn Reports<\/p>\n<a href=\"\/en\/jahn-reporte\/\" target=\"_self\">Learn more<\/a>\t\t\t \n\t\t\t\t<img decoding=\"async\" src=\"https:\/\/jahn-museum.de\/wp-content\/uploads\/2021\/01\/document.svg\" alt=\"document\" title=\"document\" itemprop=\"image\"\/>\n\t\t\t<p>They're here:<\/p>\t\t\t\n\t\t\t\t<p>Bibliography on and about Friedrich Ludwig Jahn<\/p>\n<a href=\"\/en\/bibliographie-2\/\" target=\"_self\">Learn more<\/a>\t\t\t \n\t<h2>Scientific essaysScientific essays<\/h2>\n\t\t\t\t<img decoding=\"async\" src=\"https:\/\/jahn-museum.de\/wp-content\/uploads\/2021\/01\/museum-publikationen-2@2x.png\" alt=\"museum-publikationen-2@2x\" title=\"museum-publications-2@2x\" itemprop=\"image\"\/>\n\t<p>Notes<\/p>\n\t<p><strong>The Friedrich Ludwig Jahn Library was founded by Karl Thielecke (1940 &#8211; 2009)<\/strong> has been set up. The aim of this text database is also to counteract the narrowing of the image of Jahn to the role of the \"father of gymnastics\" and to provide building blocks for a complex, differentiated and thus realistic picture of his multifaceted work. The texts in the Friedrich Ludwig Jahn Library therefore also take into account different points of view on Jahn's reception. The contributions to the online library are intended to contribute to an understanding of the phenomenon \"Jahn&#8220; by embedding it in its historical context and tracing its gymnastic, political, pedagogical and linguistic history. The fact that Jahn was already a controversial figure during his lifetime and that opinions still differ about him today will not be ignored. At the same time, however, it should become clear that the study of Jahn and the history of the gymnastics movement is still important today in order to demonstrate the lasting merits of Friedrich Ludwig Jahn &#8211; despite all the controversy surrounding his person &#8211; and to prove that the history of German gymnastics and German national history are closely interwoven. The Friedrich Ludwig Jahn Library is aimed not only at specialists, but also at an interested public. It is intended to encourage in-depth study of Jahn's person and work and thus promote academic research. It is not the aim of the project to create a library in the sense of encyclopaedic completeness.<\/p>\n\t\t\t\t<img decoding=\"async\" src=\"https:\/\/jahn-museum.de\/wp-content\/uploads\/2021\/01\/museum-publikationen-3.png\" alt=\"museum-publikationen-3\" title=\"museum-publications-3\" itemprop=\"image\"\/>\n\t<p>Warranty<\/p>\n\t<p>The publisher accepts no responsibility for the topicality, correctness, completeness or quality of the information provided. Under no circumstances will liability be accepted for damage resulting from the use of the information retrieved. The texts represent solely the opinion of their authors and not that of the publisher. Supposed tendencies in the selection of texts are purely coincidental.<\/p>\n\t<p>Copyright<\/p>\n\t<p>The files posted in the Friedrich Ludwig Jahn Library are either in the public domain or have been included in the text database with the permission of the author and the publisher. Should an author of the posted texts nevertheless feel that his or her copyright has been infringed, we request that he or she be contacted immediately. The files placed in the Friedrich Ludwig Jahn Library are for private information only. Copies may only be made for private use. Any commercial use without permission of the publisher is prohibited.<\/p>\n  <p>Arndt, Ernst Moritz:<\/p>\n      <p>The gymnastics master Jahn (with an introduction by Gerd Steins)<\/p>\n      \n      <a target=\"_blank\" href='https:\/\/jahn-museum.de\/wp-content\/uploads\/2021\/01\/arndt_der_turnmeister_jahn.pdf'>download PDF<\/a>\n  <p>Arndt, Ernst Moritz:<\/p>\n      <p>What is the German Fatherland (Leaflet 1814)<\/p>\n      <p>A previously unpublished document from the archives of the Deutsche Burschenschaft (Federal Archives, Koblenz, DB 9: Deutsche Burschenschaft). We thank the Archive of the German Fraternity (Dr. Harald L\u00f6nnecker, M.A.) for their kind permission to include this document.<\/p>\n      <a target=\"_blank\" href='https:\/\/jahn-museum.de\/wp-content\/uploads\/2021\/01\/arndt_was_ist_des_deutschen_vaterland.pdf'>download PDF<\/a>\n  <p>Bartmu\u00df, Hans-Joachim:<\/p>\n      <p>15 years under police supervision&#8230; Friedrich Ludwig Jahn in Freyburg and K\u00f6lleda<\/p>\n      \n      <a target=\"_blank\" href='https:\/\/jahn-museum.de\/wp-content\/uploads\/2021\/01\/bartmuss_15_jahre_unter_polizeiaufsicht.pdf'>download PDF<\/a>\n  <p>Bartmu\u00df, Hans-Joachim:<\/p>\n      <p>Friedrich Ludwig Jahn and the University of Halle<\/p>\n      \n      <a target=\"_blank\" href='https:\/\/jahn-museum.de\/wp-content\/uploads\/2021\/01\/bartmuss_universitaet_halle.pdf'>download PDF<\/a>\n  <p>Bartmu\u00df, Hans-Joachim:<\/p>\n      <p>On the Freyburg police file concerning F. L. Jahn<\/p>\n      \n      <a target=\"_blank\" href='https:\/\/jahn-museum.de\/wp-content\/uploads\/2021\/01\/bartmuss_freyburger_polizeiakte.pdf'>download PDF<\/a>\n  <p>Bartmu\u00df, Hans-Joachim:<\/p>\n      <p>F. L. Jahn's activities in regional associations of Prussian Saxony during his Freyburg period<\/p>\n      \n      <a target=\"_blank\" href='https:\/\/jahn-museum.de\/wp-content\/uploads\/2021\/01\/bartmuss_aktivitaeten_in_regionalen_vereinen.pdf'>download PDF<\/a>\n  <p>Bergmann, Werner:<\/p>\n      <p>Friedrich Ludwig Jahn. From: Handbook of Anti-Semitism<\/p>\n      \n      <a target=\"_blank\" href='https:\/\/jahn-museum.de\/wp-content\/uploads\/2022\/08\/Bergmann_HB_Antisemitismus_Jahn.pdf'>download PDF<\/a>\n  <p>Hanck, Berthold:<\/p>\n      <p>Friedrich Ludwig Jahn and E.T.A. Hoffmann<\/p>\n      \n      <a target=\"_blank\" href='https:\/\/jahn-museum.de\/wp-content\/uploads\/2022\/09\/BHanck_Jahn-und-Hoffmann.pdf'>download PDF<\/a>\n  <p>Steins, Gerd:<\/p>\n      <p>The fake Jahn<\/p>\n      \n      <a target=\"_blank\" href='https:\/\/jahn-museum.de\/wp-content\/uploads\/2022\/11\/Steins-Der-gefaelschte-Jahn.pdf'>download PDF<\/a>","protected":false},"excerpt":{"rendered":"<p>PublikationenPublikationen Entdecken Sie sind hier: Wissenschaftliche Aufs\u00e4tze Mehr erfahren Jahn-Reporte Mehr erfahren Sie sind hier: Bibliografie \u00fcber und zum Umgang mit Friedrich Ludwig Jahn Mehr erfahren Wissenschaftliche Aufs\u00e4tzeWissenschaftliche Aufs\u00e4tze Hinweise Die Friedrich- Ludwig-Jahn-Bibliothek wurde von Karl Thielecke (1940 &#8211; 2009) eingerichtet. Aufgabe dieser Textdatenbank soll es auch sein, der Einengung des Jahnbildes auf die Rolle [&hellip;]<\/p>\n","protected":false},"author":1,"featured_media":0,"parent":0,"menu_order":0,"comment_status":"closed","ping_status":"closed","template":"","meta":{"inline_featured_image":false,"ocean_post_layout":"full-screen","ocean_both_sidebars_style":"","ocean_both_sidebars_content_width":0,"ocean_both_sidebars_sidebars_width":0,"ocean_sidebar":"0","ocean_second_sidebar":"0","ocean_disable_margins":"enable","ocean_add_body_class":"","ocean_shortcode_before_top_bar":"","ocean_shortcode_after_top_bar":"","ocean_shortcode_before_header":"","ocean_shortcode_after_header":"","ocean_has_shortcode":"","ocean_shortcode_after_title":"","ocean_shortcode_before_footer_widgets":"","ocean_shortcode_after_footer_widgets":"","ocean_shortcode_before_footer_bottom":"","ocean_shortcode_after_footer_bottom":"","ocean_display_top_bar":"default","ocean_display_header":"default","ocean_header_style":"","ocean_center_header_left_menu":"0","ocean_custom_header_template":"0","ocean_custom_logo":0,"ocean_custom_retina_logo":0,"ocean_custom_logo_max_width":0,"ocean_custom_logo_tablet_max_width":0,"ocean_custom_logo_mobile_max_width":0,"ocean_custom_logo_max_height":0,"ocean_custom_logo_tablet_max_height":0,"ocean_custom_logo_mobile_max_height":0,"ocean_header_custom_menu":"0","ocean_menu_typo_font_family":"0","ocean_menu_typo_font_subset":"","ocean_menu_typo_font_size":0,"ocean_menu_typo_font_size_tablet":0,"ocean_menu_typo_font_size_mobile":0,"ocean_menu_typo_font_size_unit":"px","ocean_menu_typo_font_weight":"","ocean_menu_typo_font_weight_tablet":"","ocean_menu_typo_font_weight_mobile":"","ocean_menu_typo_transform":"","ocean_menu_typo_transform_tablet":"","ocean_menu_typo_transform_mobile":"","ocean_menu_typo_line_height":0,"ocean_menu_typo_line_height_tablet":0,"ocean_menu_typo_line_height_mobile":0,"ocean_menu_typo_line_height_unit":"","ocean_menu_typo_spacing":0,"ocean_menu_typo_spacing_tablet":0,"ocean_menu_typo_spacing_mobile":0,"ocean_menu_typo_spacing_unit":"","ocean_menu_link_color":"","ocean_menu_link_color_hover":"","ocean_menu_link_color_active":"","ocean_menu_link_background":"","ocean_menu_link_hover_background":"","ocean_menu_link_active_background":"","ocean_menu_social_links_bg":"","ocean_menu_social_hover_links_bg":"","ocean_menu_social_links_color":"","ocean_menu_social_hover_links_color":"","ocean_disable_title":"on","ocean_disable_heading":"default","ocean_post_title":"","ocean_post_subheading":"","ocean_post_title_style":"","ocean_post_title_background_color":"","ocean_post_title_background":0,"ocean_post_title_bg_image_position":"","ocean_post_title_bg_image_attachment":"","ocean_post_title_bg_image_repeat":"","ocean_post_title_bg_image_size":"","ocean_post_title_height":0,"ocean_post_title_bg_overlay":0.5,"ocean_post_title_bg_overlay_color":"","ocean_disable_breadcrumbs":"default","ocean_breadcrumbs_color":"","ocean_breadcrumbs_separator_color":"","ocean_breadcrumbs_links_color":"","ocean_breadcrumbs_links_hover_color":"","ocean_display_footer_widgets":"default","ocean_display_footer_bottom":"default","ocean_custom_footer_template":"0","footnotes":""},"class_list":["post-462","page","type-page","status-publish","hentry","entry","owp-thumbs-layout-horizontal","owp-btn-normal","owp-tabs-layout-horizontal","has-no-thumbnails","has-product-nav"],"_links":{"self":[{"href":"https:\/\/jahn-museum.de\/en\/wp-json\/wp\/v2\/pages\/462","targetHints":{"allow":["GET"]}}],"collection":[{"href":"https:\/\/jahn-museum.de\/en\/wp-json\/wp\/v2\/pages"}],"about":[{"href":"https:\/\/jahn-museum.de\/en\/wp-json\/wp\/v2\/types\/page"}],"author":[{"embeddable":true,"href":"https:\/\/jahn-museum.de\/en\/wp-json\/wp\/v2\/users\/1"}],"replies":[{"embeddable":true,"href":"https:\/\/jahn-museum.de\/en\/wp-json\/wp\/v2\/comments?post=462"}],"version-history":[{"count":34,"href":"https:\/\/jahn-museum.de\/en\/wp-json\/wp\/v2\/pages\/462\/revisions"}],"predecessor-version":[{"id":2571,"href":"https:\/\/jahn-museum.de\/en\/wp-json\/wp\/v2\/pages\/462\/revisions\/2571"}],"wp:attachment":[{"href":"https:\/\/jahn-museum.de\/en\/wp-json\/wp\/v2\/media?parent=462"}],"curies":[{"name":"wp","href":"https:\/\/api.w.org\/{rel}","templated":true}]}}