{"id":479,"date":"2021-01-11T17:31:52","date_gmt":"2021-01-11T16:31:52","guid":{"rendered":"https:\/\/jahn-museum.de\/?page_id=479"},"modified":"2021-03-19T11:20:06","modified_gmt":"2021-03-19T10:20:06","slug":"test","status":"publish","type":"page","link":"https:\/\/jahn-museum.de\/en\/test\/","title":{"rendered":"test"},"content":{"rendered":"\n\n\t[ajax_search]\n\t<p>[ajax_search]<\/p>\n  <p>tytu\u0142 m\u00f3j w\u0142asny<\/p>\n      <p>a tutaj title<\/p>\n      description dodaje si\u0119 tutaj\ndescription dodaje si\u0119 tutaj\ndescription dodaje si\u0119 tutaj\ndescription dodaje si\u0119 tutaj\ndescription dodaje si\u0119 tutaj\ndescription dodaje si\u0119 tutaj\n      <a target=\"_blank\" href='https:\/\/webartisan.de' rel=\"noopener\">download PDF<\/a>\n  <p>tytu\u0142 m\u00f3j w\u0142asny<\/p>\n      <p>a tutaj title<\/p>\n      \n      <a target=\"_blank\" href='https:\/\/webartisan.de' rel=\"noopener\">download PDF<\/a>\n\t\t\t\t<img loading=\"lazy\" decoding=\"async\" src=\"https:\/\/jahn-museum.de\/wp-content\/uploads\/2021\/03\/baner-shop.jpg\" alt=\"baner-shop\" itemprop=\"image\" height=\"401\" width=\"1661\" title=\"baner-shop\" onerror=\"this.style.display='none'\"  \/>\n\t<p>Willkommen<\/p>\n\t<p>This is where you can add new products to your store.<br \/>Sed id ne cogitari quidem potest quale sit, ut non repugnet ipsum sibi. Non ego tecum iam ita iocabor, ut isdem his de rebus.<\/p>\n\n","protected":false},"excerpt":{"rendered":"<p>[ajax_search] [ajax_search] tytu\u0142 m\u00f3j w\u0142asny a tutaj title description dodaje si\u0119 tutaj description dodaje si\u0119 tutaj description dodaje si\u0119 tutaj description dodaje si\u0119 tutaj description dodaje si\u0119 tutaj description dodaje si\u0119 tutaj download PDF tytu\u0142 m\u00f3j w\u0142asny a tutaj title download PDF Willkommen This is where you can add new products to your store.Sed id [&hellip;]<\/p>\n","protected":false},"author":1,"featured_media":0,"parent":0,"menu_order":0,"comment_status":"closed","ping_status":"closed","template":"","meta":{"inline_featured_image":false,"ocean_post_layout":"full-screen","ocean_both_sidebars_style":"","ocean_both_sidebars_content_width":0,"ocean_both_sidebars_sidebars_width":0,"ocean_sidebar":"0","ocean_second_sidebar":"0","ocean_disable_margins":"enable","ocean_add_body_class":"","ocean_shortcode_before_top_bar":"","ocean_shortcode_after_top_bar":"","ocean_shortcode_before_header":"","ocean_shortcode_after_header":"","ocean_has_shortcode":"","ocean_shortcode_after_title":"","ocean_shortcode_before_footer_widgets":"","ocean_shortcode_after_footer_widgets":"","ocean_shortcode_before_footer_bottom":"","ocean_shortcode_after_footer_bottom":"","ocean_display_top_bar":"default","ocean_display_header":"default","ocean_header_style":"","ocean_center_header_left_menu":"0","ocean_custom_header_template":"0","ocean_custom_logo":0,"ocean_custom_retina_logo":0,"ocean_custom_logo_max_width":0,"ocean_custom_logo_tablet_max_width":0,"ocean_custom_logo_mobile_max_width":0,"ocean_custom_logo_max_height":0,"ocean_custom_logo_tablet_max_height":0,"ocean_custom_logo_mobile_max_height":0,"ocean_header_custom_menu":"0","ocean_menu_typo_font_family":"0","ocean_menu_typo_font_subset":"","ocean_menu_typo_font_size":0,"ocean_menu_typo_font_size_tablet":0,"ocean_menu_typo_font_size_mobile":0,"ocean_menu_typo_font_size_unit":"px","ocean_menu_typo_font_weight":"","ocean_menu_typo_font_weight_tablet":"","ocean_menu_typo_font_weight_mobile":"","ocean_menu_typo_transform":"","ocean_menu_typo_transform_tablet":"","ocean_menu_typo_transform_mobile":"","ocean_menu_typo_line_height":0,"ocean_menu_typo_line_height_tablet":0,"ocean_menu_typo_line_height_mobile":0,"ocean_menu_typo_line_height_unit":"","ocean_menu_typo_spacing":0,"ocean_menu_typo_spacing_tablet":0,"ocean_menu_typo_spacing_mobile":0,"ocean_menu_typo_spacing_unit":"","ocean_menu_link_color":"","ocean_menu_link_color_hover":"","ocean_menu_link_color_active":"","ocean_menu_link_background":"","ocean_menu_link_hover_background":"","ocean_menu_link_active_background":"","ocean_menu_social_links_bg":"","ocean_menu_social_hover_links_bg":"","ocean_menu_social_links_color":"","ocean_menu_social_hover_links_color":"","ocean_disable_title":"on","ocean_disable_heading":"default","ocean_post_title":"","ocean_post_subheading":"","ocean_post_title_style":"","ocean_post_title_background_color":"","ocean_post_title_background":0,"ocean_post_title_bg_image_position":"","ocean_post_title_bg_image_attachment":"","ocean_post_title_bg_image_repeat":"","ocean_post_title_bg_image_size":"","ocean_post_title_height":0,"ocean_post_title_bg_overlay":0.5,"ocean_post_title_bg_overlay_color":"","ocean_disable_breadcrumbs":"default","ocean_breadcrumbs_color":"","ocean_breadcrumbs_separator_color":"","ocean_breadcrumbs_links_color":"","ocean_breadcrumbs_links_hover_color":"","ocean_display_footer_widgets":"default","ocean_display_footer_bottom":"default","ocean_custom_footer_template":"0","footnotes":""},"class_list":["post-479","page","type-page","status-publish","hentry","entry","owp-thumbs-layout-horizontal","owp-btn-normal","owp-tabs-layout-horizontal","has-no-thumbnails","has-product-nav"],"_links":{"self":[{"href":"https:\/\/jahn-museum.de\/en\/wp-json\/wp\/v2\/pages\/479","targetHints":{"allow":["GET"]}}],"collection":[{"href":"https:\/\/jahn-museum.de\/en\/wp-json\/wp\/v2\/pages"}],"about":[{"href":"https:\/\/jahn-museum.de\/en\/wp-json\/wp\/v2\/types\/page"}],"author":[{"embeddable":true,"href":"https:\/\/jahn-museum.de\/en\/wp-json\/wp\/v2\/users\/1"}],"replies":[{"embeddable":true,"href":"https:\/\/jahn-museum.de\/en\/wp-json\/wp\/v2\/comments?post=479"}],"version-history":[{"count":26,"href":"https:\/\/jahn-museum.de\/en\/wp-json\/wp\/v2\/pages\/479\/revisions"}],"predecessor-version":[{"id":1126,"href":"https:\/\/jahn-museum.de\/en\/wp-json\/wp\/v2\/pages\/479\/revisions\/1126"}],"wp:attachment":[{"href":"https:\/\/jahn-museum.de\/en\/wp-json\/wp\/v2\/media?parent=479"}],"curies":[{"name":"wp","href":"https:\/\/api.w.org\/{rel}","templated":true}]}}