{"id":602,"date":"2021-01-15T07:25:48","date_gmt":"2021-01-15T06:25:48","guid":{"rendered":"https:\/\/jahn-museum.de\/?page_id=602"},"modified":"2026-02-12T08:46:41","modified_gmt":"2026-02-12T07:46:41","slug":"jahn-turnfest","status":"publish","type":"page","link":"https:\/\/jahn-museum.de\/en\/jahn-turnfest\/","title":{"rendered":"Jahn gymnastics festival"},"content":{"rendered":"<ul>\n\t\t\t\t<li>\n\t\t\t<img decoding=\"async\" loading=\"false\" src=\"https:\/\/jahn-museum.de\/wp-content\/uploads\/2021\/01\/image-gymnastics.png\" alt=\"\" \/>\t\t\t\n\t\t\t\t<h1>Jahn Gymnastics FestivalJahn Gymnastics Festival<\/h1>\n\n\n\t\t<\/li>\n\t\t<\/ul>\n\t<a href=\"#mehr\">Discover<br \/>\n<img decoding=\"async\" src=\"\/wp-content\/uploads\/2020\/12\/download.svg\" \/><\/a>\n\t<p>Willkommen zum Jahnturnen!<\/p>\n\t<p>Das Friedrich-Ludwig-Jahn-Turnfest, umgangssprachlich Jahnturnen genannt, ist eine Wettkampf- und Mitmachveranstaltung, die seit \u00fcber 100 Jahren unter freiem Himmel in Freyburg stattfindet und zu den traditionsreichsten Turnfesten dieser Art geh\u00f6rt.<\/p>\n\t<p><strong>\u00a0Das 102. Jahn-Turnfest 2026 findet vom 21. bis 23. August 2026 wieder <\/strong><strong>in Freyburg <\/strong><strong>statt &#8211; weitere Informationen folgen<\/strong><\/p>\n\t\t\t\t\t\t<img decoding=\"async\" src=\"https:\/\/i.ytimg.com\/vi\/mkA5untSe-A\/maxresdefault.jpg\"  \/>\n\t\t\t\t\t\t\t<img decoding=\"async\" src=\"https:\/\/jahn-museum.de\/wp-content\/uploads\/2020\/12\/play-button.svg\" \/>\t\t\t\t\t\t\n\t<h2>Jahn-Turnfest100. Jahn-Turnfest<\/h2>\n\t<p><strong>1TP3One hundred<\/strong><\/p>\n<p>In 2024, the gymnastics festival was held for the 100th time. The program of the celebrations included<\/p>\n<ul>\n<li>Festive event in the atrium of the Rotk\u00e4ppchen sparkling wine cellar &#8211; (alternative open air event on the market square)<\/li>\n<li>Show programs on the festival meadow &#8211; designed by sports groups of the Burgenlandkreis and gymnastics clubs from all over Germany<\/li>\n<li>Workshop and participation offers of the Landesturnverbandes<\/li>\n<li>Performance of the German national gymnastics team<\/li>\n<li>Turnerball in the atrium of the Rotk\u00e4ppchen Sektkellerei and a big tent<\/li>\n<li>State Children's Gymnastics Festival<\/li>\n<li>Opening of the new permanent exhibition in the Jahn Museum<\/li>\n<li>Festschrift and publication on the history of the Jahnturnfest<\/li>\n<\/ul>\n\t\t\t<a href=\"https:\/\/www.youtube.com\/watch?v=mkA5untSe-A\" target=\"_blank\" rel=\"noopener\"  role=\"button\">\n\t\t\t\t\t\t\tOpen in new tab\n\t\t<\/a>\n\t<h2>About the Jahn Gymnastics FestivalAbout the Jahn Gymnastics Festival<\/h2>\n\t\t\t\t<img decoding=\"async\" src=\"https:\/\/jahn-museum.de\/wp-content\/uploads\/2021\/01\/img-gymnastics-01@2x.jpg\" alt=\"img-gymnastics-01@2x\" title=\"img-gymnastics-01@2x\" itemprop=\"image\"\/>\n\t<p>Fresh, pious, cheerful, Freyburg!<\/p>\n\t<p>&nbsp;<\/p>\n<p>Jedes Jahr am vorletzten August-Wochenende treffen sich Menschen aller Altersgruppen von 14 &#8211; \u00fc90, um gemeinsam zu turnen. Hier treffen sich Spitzen- und Freizeitturne, darunter viele Ehemalige der deutschen Nationalmannschaft, aber auch Athleten aus \u00d6sterreich, der Schweiz, Israel oder Japan. Promineteste Teilnehmerin und Botschafterin ist die mit 95 Jahren \u00e4lteste Wettkampfturnerin der Welt, Frau Johanna Quaas.<\/p>\n<p>The competitions in apparatus gymnastics form the core of the programme. Offers such as the Jahn run, the orienteering, the gymnastics for everyone and various workshops round off the gymnastics festival programme. Around the competitions the organizers organize in cooperation with the Jahn Museum a varied supporting program with a variety of events and cultural offerings, including the ceremony with wreath-laying, the singing of the old gymnasts, exhibition openings, city tours, the gymnastics ball and the gymnastics party.<\/p>\n<p>In the last 20 years the Jahnturnen has become the national gymnastics festival of the <a href=\"https:\/\/www.landesturnverband-sachsen-anhalt.de\/\"><u>Saxony-Anhalt State Gymnastics Association e.V.<\/u><\/a>\u00a0 &#8211; which together with the <a href=\"https:\/\/www.freyburg-tourismus.de\/index.php?startseite\"><u>City of Freyburg<\/u>\u00a0<\/a>als Veranstalter auftritt &#8211; entwickelt.<\/p>\n<p>&nbsp;<\/p>\n\t<strong>Geschichte des Freyburger<br \/>\nJahn-Turnfestes<\/strong>\n\t<p>&nbsp;<\/p>\n<p>Das heutige Jahn-Turnfest begann als eine leichtathletische Veranstaltung. Auf Initiative des neuen B\u00fcrgermeisters Friedrich Ehlert lud die Stadt Freyburg 1901 zu einem &#8222;Volkst\u00fcmlichen Wett-Turnen&#8220; ein, bei dem es sich um einen F\u00fcnfkampf aus Hochsprung, Stabhochsprung, Schleuderball, Steinsto\u00dfen und 100m-Lauf handelte. Das sollte die Erinnerung an Jahn erg\u00e4nzen und f\u00fcr die Stadt eine zus\u00e4tzliche Attraktion sein.<\/p>\n<p>Zum ersten Wettkampf meldeten sich 72 Turner, und die Veranstaltung fand von da an jedes Jahr nahe dem 11. August, dem Geburtstag Jahns, auf dem Sch\u00fctzenplatz statt. Nach einigen Jahren b\u00fcrgerte sich der Name &#8222;Jahnwetturnen&#8220; ein, die Teilnehmerzahl verdoppelte sich, und 1913 \u00fcbernahm die Deutsche Turnerschaft die Veranstaltung. Danach gab es durch den Ersten Weltkrieg eine f\u00fcnfj\u00e4hrige Pause.<\/p>\n<p>In den Zwanzigerjahren kamen Mehrk\u00e4mpfe f\u00fcr Turnerinnen und f\u00fcr \u00c4ltere, sowie eine kombinierte Lauf- und Schwimmstaffel &#8222;Rund um die Jahnst\u00e4tten&#8220; hinzu. Die Teilnehmerzahl stieg dadurch auf rund 400. Im Jahr 1937 wurde erstmals an Ger\u00e4ten geturnt, und zwar bei gemischten Wettk\u00e4mpfen der \u00c4lteren. Die Ger\u00e4te standen dabei, wie auch heute noch, im Freien auf dem Turnplatz. Etwas sp\u00e4ter gab es auch reine Ger\u00e4tewettk\u00e4mpfe und Gymnastikwettbewerbe f\u00fcr Turnerinnen. Die Veranstaltung lief w\u00e4hrend des ganzen Zweiten Weltkriegs als &#8222;Kriegs-Jahnwetturnen&#8220; mit 500-600 Teilnehmern weiter.<\/p>\n<p>Nach Kriegsende trat eine l\u00e4ngere Pause ein, dann wurden die Wettk\u00e4mpfe 1953 als &#8222;Jahn-Ged\u00e4chtniswettk\u00e4mpfe&#8220; wiederaufgenommen, sp\u00e4ter hie\u00dfen sie bisweilen auch &#8222;Jahn-Ged\u00e4chtnisturnen&#8220;. Das Programm bestand weiter aus volkst\u00fcmlichen, gemischten und Ger\u00e4tewettk\u00e4mpfen, in den Sechzigerjahren erg\u00e4nzt durch Prellball, Volleyball und Volkssport-Wettbewerbe. In den Siebzigern wurde es aber wieder reduziert, insbesondere fielen die leichtathletischen Mehrk\u00e4mpfe weg. Seitdem bestimmt das Ger\u00e4teturnen den Charakter dieses Traditionstreffens, zu dem jedes Jahr etwa 1000 Turner und Turnerinnen nach Freyburg kommen. Es hei\u00dft seit 1994 &#8222;Jahn-Turnfest&#8220; und ist inzwischen zum Landesturnfest von Sachsen-Anhalt geworden.<\/p>\n\t\t\t\t<img decoding=\"async\" src=\"https:\/\/jahn-museum.de\/wp-content\/uploads\/2025\/10\/Foto-Turnzeitung-1909_2.jpg\" alt=\"\" title=\"\" itemprop=\"image\"\/>\n\t<p>Jahnwetturnen 1909, Hans Faber beim Stabhochsprung \u00fcber 3,30 m (Quelle: Deutsche Turn-Zeitung)<\/p>\n\t\t\t\t<img decoding=\"async\" src=\"https:\/\/jahn-museum.de\/wp-content\/uploads\/2025\/10\/Jahnturnen-auf-dem-Schuetzenplatz-1961.jpg\" alt=\"\" title=\"\" itemprop=\"image\"\/>\n\t<p>Jahnturnen auf dem Sch\u00fctzenplatz 1961 (Quelle: Jahn-Museum)<\/p>\n<figure itemscope itemtype=\"https:\/\/schema.org\/ImageObject\">\n\t\t\t\t<img decoding=\"async\" src=\"https:\/\/jahn-museum.de\/wp-content\/uploads\/2021\/01\/img-gymnastics-03.jpg\" alt=\"img-gymnastics-03\" height=\"651\" width=\"647\" title=\"img-gymnastics-03\" onerror=\"this.style.display='none'\" loading=\"lazy\" \/>\n\t\t\t\t\t\t\n\t<\/figure>\n<figure itemscope itemtype=\"https:\/\/schema.org\/ImageObject\">\n\t\t\t\t<img decoding=\"async\" src=\"https:\/\/jahn-museum.de\/wp-content\/uploads\/2021\/01\/img-gymnastics-04.jpg\" alt=\"img-gymnastics-04\" height=\"323\" width=\"324\" title=\"img-gymnastics-04\" onerror=\"this.style.display='none'\" loading=\"lazy\" \/>\n\t\t\t\t\t\t\n\t<\/figure>\n<figure itemscope itemtype=\"https:\/\/schema.org\/ImageObject\">\n\t\t\t\t<img decoding=\"async\" src=\"https:\/\/jahn-museum.de\/wp-content\/uploads\/2021\/01\/img-gymnastics-05.jpg\" alt=\"img-gymnastics-05\" height=\"323\" width=\"324\" title=\"img-gymnastics-05\" onerror=\"this.style.display='none'\" loading=\"lazy\" \/>\n\t\t\t\t\t\t\n\t<\/figure>\n<figure itemscope itemtype=\"https:\/\/schema.org\/ImageObject\">\n\t\t\t\t<img decoding=\"async\" src=\"https:\/\/jahn-museum.de\/wp-content\/uploads\/2021\/01\/img-gymnastics-08.jpg\" alt=\"img-gymnastics-08\" height=\"651\" width=\"358\" title=\"img-gymnastics-08\" onerror=\"this.style.display='none'\" loading=\"lazy\" \/>\n\t<\/figure>\n<figure itemscope itemtype=\"https:\/\/schema.org\/ImageObject\">\n\t\t\t\t<img decoding=\"async\" src=\"https:\/\/jahn-museum.de\/wp-content\/uploads\/2021\/01\/img-gymnastics-06.jpg\" alt=\"img-gymnastics-06\" height=\"323\" width=\"324\" title=\"img-gymnastics-06\" onerror=\"this.style.display='none'\" loading=\"lazy\" \/>\n\t\t\t\t\t\t\n\t<\/figure>\n<figure itemscope itemtype=\"https:\/\/schema.org\/ImageObject\">\n\t\t\t\t<img decoding=\"async\" src=\"https:\/\/jahn-museum.de\/wp-content\/uploads\/2021\/01\/img-gymnastics-07.jpg\" alt=\"img-gymnastics-07\" height=\"323\" width=\"324\" title=\"img-gymnastics-07\" onerror=\"this.style.display='none'\" loading=\"lazy\" \/>\n\t\t\t\t\t\t\n\t<\/figure>\n\t\t\t\t<img decoding=\"async\" src=\"https:\/\/jahn-museum.de\/wp-content\/uploads\/2021\/06\/P1060782-scaled.jpg\" alt=\"P1060782\" title=\"P1060782\" itemprop=\"image\"\/>\n\t\t\t\t<img decoding=\"async\" src=\"https:\/\/jahn-museum.de\/wp-content\/uploads\/2021\/06\/IMG_5482.jpg\" alt=\"IMG_5482\" title=\"IMG_5482\" itemprop=\"image\"\/>\n\t\t\t\t<img decoding=\"async\" src=\"https:\/\/jahn-museum.de\/wp-content\/uploads\/2021\/06\/IMG_4958.jpg\" alt=\"IMG_4958\" title=\"IMG_4958\" itemprop=\"image\"\/>\n\t\t\t\t<img decoding=\"async\" src=\"https:\/\/jahn-museum.de\/wp-content\/uploads\/2021\/02\/logo_ltv_cmyk.svg\" alt=\"logo_ltv_cmyk\" title=\"logo_ltv_cmyk\" itemprop=\"image\"\/>\n\t\t\t\t<img decoding=\"async\" src=\"https:\/\/jahn-museum.de\/wp-content\/uploads\/2021\/02\/logo_turnfest_cmyk.svg\" alt=\"logo_turnfest_cmyk\" title=\"logo_turnfest_cmyk\" itemprop=\"image\"\/>\n\t\t\t\t<img decoding=\"async\" src=\"https:\/\/jahn-museum.de\/wp-content\/uploads\/2021\/02\/logo_jahngesellschaft_cmyk.svg\" alt=\"logo_jahngesellschaft_cmyk\" title=\"logo_jahngesellschaft_cmyk\" itemprop=\"image\"\/>","protected":false},"excerpt":{"rendered":"<p>Jahn-TurnfestJahn-Turnfest Entdecken Willkommen zum Jahnturnen! Das Friedrich-Ludwig-Jahn-Turnfest, umgangssprachlich Jahnturnen genannt, ist eine Wettkampf- und Mitmachveranstaltung, die seit \u00fcber 100 Jahren unter freiem Himmel in Freyburg stattfindet und zu den traditionsreichsten Turnfesten dieser Art geh\u00f6rt. \u00a0Das 102. Jahn-Turnfest 2026 findet vom 21. bis 23. August 2026 wieder in Freyburg statt &#8211; weitere Informationen folgen Jahn-Turnfest100. Jahn-Turnfest [&hellip;]<\/p>\n","protected":false},"author":1,"featured_media":0,"parent":0,"menu_order":0,"comment_status":"closed","ping_status":"closed","template":"","meta":{"inline_featured_image":false,"ocean_post_layout":"full-screen","ocean_both_sidebars_style":"","ocean_both_sidebars_content_width":0,"ocean_both_sidebars_sidebars_width":0,"ocean_sidebar":"0","ocean_second_sidebar":"0","ocean_disable_margins":"enable","ocean_add_body_class":"","ocean_shortcode_before_top_bar":"","ocean_shortcode_after_top_bar":"","ocean_shortcode_before_header":"","ocean_shortcode_after_header":"","ocean_has_shortcode":"","ocean_shortcode_after_title":"","ocean_shortcode_before_footer_widgets":"","ocean_shortcode_after_footer_widgets":"","ocean_shortcode_before_footer_bottom":"","ocean_shortcode_after_footer_bottom":"","ocean_display_top_bar":"default","ocean_display_header":"default","ocean_header_style":"","ocean_center_header_left_menu":"0","ocean_custom_header_template":"0","ocean_custom_logo":0,"ocean_custom_retina_logo":0,"ocean_custom_logo_max_width":0,"ocean_custom_logo_tablet_max_width":0,"ocean_custom_logo_mobile_max_width":0,"ocean_custom_logo_max_height":0,"ocean_custom_logo_tablet_max_height":0,"ocean_custom_logo_mobile_max_height":0,"ocean_header_custom_menu":"0","ocean_menu_typo_font_family":"0","ocean_menu_typo_font_subset":"","ocean_menu_typo_font_size":0,"ocean_menu_typo_font_size_tablet":0,"ocean_menu_typo_font_size_mobile":0,"ocean_menu_typo_font_size_unit":"px","ocean_menu_typo_font_weight":"","ocean_menu_typo_font_weight_tablet":"","ocean_menu_typo_font_weight_mobile":"","ocean_menu_typo_transform":"","ocean_menu_typo_transform_tablet":"","ocean_menu_typo_transform_mobile":"","ocean_menu_typo_line_height":0,"ocean_menu_typo_line_height_tablet":0,"ocean_menu_typo_line_height_mobile":0,"ocean_menu_typo_line_height_unit":"","ocean_menu_typo_spacing":0,"ocean_menu_typo_spacing_tablet":0,"ocean_menu_typo_spacing_mobile":0,"ocean_menu_typo_spacing_unit":"","ocean_menu_link_color":"","ocean_menu_link_color_hover":"","ocean_menu_link_color_active":"","ocean_menu_link_background":"","ocean_menu_link_hover_background":"","ocean_menu_link_active_background":"","ocean_menu_social_links_bg":"","ocean_menu_social_hover_links_bg":"","ocean_menu_social_links_color":"","ocean_menu_social_hover_links_color":"","ocean_disable_title":"on","ocean_disable_heading":"default","ocean_post_title":"","ocean_post_subheading":"","ocean_post_title_style":"","ocean_post_title_background_color":"","ocean_post_title_background":0,"ocean_post_title_bg_image_position":"","ocean_post_title_bg_image_attachment":"","ocean_post_title_bg_image_repeat":"","ocean_post_title_bg_image_size":"","ocean_post_title_height":0,"ocean_post_title_bg_overlay":0.5,"ocean_post_title_bg_overlay_color":"","ocean_disable_breadcrumbs":"default","ocean_breadcrumbs_color":"","ocean_breadcrumbs_separator_color":"","ocean_breadcrumbs_links_color":"","ocean_breadcrumbs_links_hover_color":"","ocean_display_footer_widgets":"default","ocean_display_footer_bottom":"default","ocean_custom_footer_template":"0","footnotes":""},"class_list":["post-602","page","type-page","status-publish","hentry","entry","owp-thumbs-layout-horizontal","owp-btn-normal","owp-tabs-layout-horizontal","has-no-thumbnails","has-product-nav"],"_links":{"self":[{"href":"https:\/\/jahn-museum.de\/en\/wp-json\/wp\/v2\/pages\/602","targetHints":{"allow":["GET"]}}],"collection":[{"href":"https:\/\/jahn-museum.de\/en\/wp-json\/wp\/v2\/pages"}],"about":[{"href":"https:\/\/jahn-museum.de\/en\/wp-json\/wp\/v2\/types\/page"}],"author":[{"embeddable":true,"href":"https:\/\/jahn-museum.de\/en\/wp-json\/wp\/v2\/users\/1"}],"replies":[{"embeddable":true,"href":"https:\/\/jahn-museum.de\/en\/wp-json\/wp\/v2\/comments?post=602"}],"version-history":[{"count":11,"href":"https:\/\/jahn-museum.de\/en\/wp-json\/wp\/v2\/pages\/602\/revisions"}],"predecessor-version":[{"id":2743,"href":"https:\/\/jahn-museum.de\/en\/wp-json\/wp\/v2\/pages\/602\/revisions\/2743"}],"wp:attachment":[{"href":"https:\/\/jahn-museum.de\/en\/wp-json\/wp\/v2\/media?parent=602"}],"curies":[{"name":"wp","href":"https:\/\/api.w.org\/{rel}","templated":true}]}}