{"id":701,"date":"2021-01-15T11:00:24","date_gmt":"2021-01-15T10:00:24","guid":{"rendered":"https:\/\/jahn-museum.de\/?page_id=701"},"modified":"2025-04-03T14:34:35","modified_gmt":"2025-04-03T12:34:35","slug":"presse","status":"publish","type":"page","link":"https:\/\/jahn-museum.de\/en\/presse\/","title":{"rendered":"Press"},"content":{"rendered":"<img decoding=\"async\" loading='false' src=\"https:\/\/jahn-museum.de\/wp-content\/uploads\/2021\/01\/hero-image-presse.png\" alt=\"\" \/>\t\t\t\n\t\t\t\t<h1>PressPress<\/h1>\n\n\n\t<a href=\"#mehr\">Discover<br \/>\n<img decoding=\"async\" src=\"\/wp-content\/uploads\/2020\/12\/download.svg\" \/><\/a>\n\t<h2>PressJahn Press Service<\/h2>\n\tFriedrich-Ludwig-Jahn-<br \/>\nSociety e.V.\n\t<p>Our service for journalists, editors, online portals, bloggers, travel industry players, clubs and associations:<\/p>\n<p>Here you will find the press releases of the Friedrich-Ludwig-Jahn-Gesellschaft. In addition, we offer general press and image material on the Friedrich-Ludwig-Jahn-Museum and the Friedrich-Ludwig-Jahn-Gesellschaft. Should you have any further questions or require additional information, please do not hesitate to contact us.<\/p>\n\t<p>Address<\/p>\n\tFriedrich Ludwig Jahn Society e.V. Schlossstra\u00dfe 11, 06632<br \/>\nFreyburg (Unstrut)\n\t<p>Contact<\/p>\n\t<p><strong>Phone: +49 (0) 34464 27426 \u00a0\u00a0\u00a0 <a href=\"mailto:buero@jahn-museum.de\">info@jahn-museum.de<\/a><\/strong><\/p>\n<p>&nbsp;<\/p>\n\t\t\t\t<img decoding=\"async\" src=\"https:\/\/jahn-museum.de\/wp-content\/uploads\/2021\/01\/folder.svg\" alt=\"folder\" title=\"folder\" itemprop=\"image\"\/>\n\t\t\t<p>General information<\/p>\t\t\t\n\t\t\t\t<p>Here you will find basic information about the Fr.-L.-Jahn-Gesellschaft and the Fr.-L.-Jahn-Museum.<\/p>\n<a href=\"\/wp-content\/uploads\/2021\/06\/Allgemeine-Informationen.zip\" target=\"_self\">Download<\/a>\t\t\t \n\t\t\t\t<img decoding=\"async\" src=\"https:\/\/jahn-museum.de\/wp-content\/uploads\/2021\/01\/image.svg\" alt=\"image\" title=\"image\" itemprop=\"image\"\/>\n\t\t\t<p>Pictures for the press<\/p>\t\t\t\n\t\t\t\t<p>The photographic material is released for reporting purposes.<\/p>\n<p>The picture credits are to be given as follows: Picture: Friedrich-Ludwig-Jahn-Museum, Freyburg<\/p>\n<a href=\"\/wp-content\/uploads\/2021\/05\/Bilder-fuer-die-Presse.zip\" target=\"_self\">Download package<\/a>\t\t\t \n\t<h2>Current press releaseCurrent press release<\/h2>\n\t<h3>Dr. Norma Henkel appointed as new head and managing director<\/h3>\n\t<p>&nbsp;<\/p>\n<p><a name=\"_GoBack\"><\/a><\/p>\n<p>The Executive Committee of the Friedrich Ludwig Jahn Society has appointed Dr. Norma Henkel as the new Director of the Friedrich Ludwig Jahn Museum and the new Managing Director of the Friedrich Ludwig Jahn Society with effect from March 1, 2025.<\/p>\n<p>The 46-year-old archaeologist took over as museum director from Ms. Kristina Kuhn (until September 2023) and Ms. Manuela Dietz (until May 2023). In the position of Managing Director, she succeeds Ms. Stephanie Kaps, who has been managing the Jahn-Gesellschaft on an interim basis since November 2023.<\/p>\n<p>Henkel has extensive experience in strategic public relations work in the cultural and museum sector. After studying archaeology in Halle (Saale), she has worked in various positions in the press department, editorial office and on the staff of the State Office for Monument Preservation and Archaeology of Saxony-Anhalt with the State Museum of Prehistory in Halle since 2006. During this time, she has accompanied numerous exhibitions and scientific or cultural tourism projects as well as coordinating various book projects and specialist conferences. For the most part, she worked in parallel on her dissertation on the Neolithic circular ditch complex at Goseck in the Burgenland district, which she successfully completed in 2016. Most recently, as a research assistant in the \"GOLEHM Initiative for Earthen Building and Sustainable Circular Economy&amp;#8220\", she was responsible for the public relations work of the research alliance and gained experience in the renovation of listed buildings.<\/p>\n\t\t\t<a href=\"https:\/\/jahn-museum.de\/wp-content\/uploads\/2025\/04\/20250403_PM_FLJG_neue-Geschaeftsfuehrerin.pdf\" target=\"_self\"   role=\"button\">\n\t\t\t\t\t\t\tDownload PDF\n\t\t<\/a>\n\t<p>Older press releases<\/p>\n  <p>11\/2023<\/p>\n      <p>Stephanie Kaps appointed acting managing director of the Jahn-Gesellschaft<\/p>\n      \n      <a target=\"_blank\" href='https:\/\/jahn-museum.de\/wp-content\/uploads\/2023\/11\/PM_Kom.-Geschftsfuehrerin_Jahn-Gesellschaft.pdf'>download pdf<\/a>\n  <p>10\/2022<\/p>\n      <p>&#8222;T\u00f6nende Lebensansichten des Katers Murr&#8220; &#8211; Concert &amp; reading with culinary delights<\/p>\n      \n      <a target=\"_blank\" href='https:\/\/jahn-museum.de\/wp-content\/uploads\/2022\/10\/PM-Murr.pdf'>download pdf<\/a>\n  <p>11\/2022<\/p>\n      <p>Dr. Josef Ulfkotte turns 70<\/p>\n      \n      <a target=\"_blank\" href='https:\/\/jahn-museum.de\/wp-content\/uploads\/2022\/11\/Jahn-Pressedienst_11-2022.pdf'>download pdf<\/a>\n  <p>08\/2022<\/p>\n      <p>New presidium for Jahn Society<\/p>\n      \n      <a target=\"_blank\" href='https:\/\/jahn-museum.de\/wp-content\/uploads\/2022\/10\/PM_-Neues-Praesidium-2022.pdf'>download pdf<\/a>\n  <p>03\/2021<\/p>\n      <p>Event &#8222;The Cold Rings. 1964 all-German to Tokyo&#8220;<\/p>\n      \n      <a target=\"_blank\" href='https:\/\/jahn-museum.de\/wp-content\/uploads\/2021\/08\/PM-Kalte-Ringe_FLJG-1.pdf'>download pdf<\/a>\n  <p>\u00a008\/2022<\/p>\n      <p>Event: \"He did right and spared no one&#8220; -Jahn's godson Franz Ludwig Meffert and his family.<\/p>\n      \n      <a target=\"_blank\" href='https:\/\/jahn-museum.de\/wp-content\/uploads\/2022\/10\/PM_Meffert.pdf'>download pdf<\/a>\n  <p>11\/2020<\/p>\n      <p>Jahn Museum is a place for the history of democracy<\/p>\n      \n      <a target=\"_blank\" href='https:\/\/jahn-museum.de\/wp-content\/uploads\/2021\/05\/Jahn-Gesellschaft-Pressedienst-1.pdf'>download pdf<\/a>\n  <p>\u00a008\/2020<\/p>\n      <p>Freyburg's mayor strengthens the Jahn Society<\/p>\n      \n      <a target=\"_blank\" href='\/wp-content\/uploads\/2021\/05\/Jahn-Gesellschaft-Pressedienst-2.pdf'>download pdf<\/a>\n  <p>08\/2017<\/p>\n      <p>25 years Jahn Society<\/p>\n      \n      <a target=\"_blank\" href='\/wp-content\/uploads\/2021\/05\/Jahn-Gesellschaft-Pressedienst-3.pdf'>download pdf<\/a>\n  <p>\u00a008\/2018<\/p>\n      <p>New management team<\/p>\n      \n      <a target=\"_blank\" href='\/wp-content\/uploads\/2021\/05\/Jahn-Gesellschaft-Pressedienst-4.pdf'>download pdf<\/a>\n  <p>02_07\/2017<\/p>\n      <p>The new \"Jahn-Report&#8220; is here<\/p>\n      \n      <a target=\"_blank\" href='\/wp-content\/uploads\/2021\/05\/Jahn-Gesellschaft-Pressedienst-5.pdf'>download pdf<\/a>","protected":false},"excerpt":{"rendered":"<p>PressePresse Entdecken PresseJahn-Pressedienst Friedrich-Ludwig-Jahn- Gesellschaft e.V. Unser Service f\u00fcr Journalisten, Redakteure, Online-Portale, Blogger, Akteure der Reiseindustrie, Vereine und Verb\u00e4nde: Hier finden Sie die Pressemitteilungen der Friedrich-Ludwig-Jahn-Gesellschaft. Zus\u00e4tzlich bieten wir Ihnen allgemeines Presse- und Bildmaterial zum Friedrich-Ludwig-Jahn-Museum und der Friedrich-Ludwig-Jahn-Gesellschaft an. Sollten Sie weitere Fragen haben oder zus\u00e4tzliche Informationen ben\u00f6tigen, kontaktieren Sie uns gern. Adresse Friedrich-Ludwig-Jahn-Gesellschaft [&hellip;]<\/p>\n","protected":false},"author":1,"featured_media":0,"parent":0,"menu_order":0,"comment_status":"closed","ping_status":"closed","template":"","meta":{"inline_featured_image":false,"ocean_post_layout":"full-screen","ocean_both_sidebars_style":"","ocean_both_sidebars_content_width":0,"ocean_both_sidebars_sidebars_width":0,"ocean_sidebar":"0","ocean_second_sidebar":"0","ocean_disable_margins":"enable","ocean_add_body_class":"","ocean_shortcode_before_top_bar":"","ocean_shortcode_after_top_bar":"","ocean_shortcode_before_header":"","ocean_shortcode_after_header":"","ocean_has_shortcode":"","ocean_shortcode_after_title":"","ocean_shortcode_before_footer_widgets":"","ocean_shortcode_after_footer_widgets":"","ocean_shortcode_before_footer_bottom":"","ocean_shortcode_after_footer_bottom":"","ocean_display_top_bar":"default","ocean_display_header":"default","ocean_header_style":"","ocean_center_header_left_menu":"0","ocean_custom_header_template":"0","ocean_custom_logo":0,"ocean_custom_retina_logo":0,"ocean_custom_logo_max_width":0,"ocean_custom_logo_tablet_max_width":0,"ocean_custom_logo_mobile_max_width":0,"ocean_custom_logo_max_height":0,"ocean_custom_logo_tablet_max_height":0,"ocean_custom_logo_mobile_max_height":0,"ocean_header_custom_menu":"0","ocean_menu_typo_font_family":"0","ocean_menu_typo_font_subset":"","ocean_menu_typo_font_size":0,"ocean_menu_typo_font_size_tablet":0,"ocean_menu_typo_font_size_mobile":0,"ocean_menu_typo_font_size_unit":"px","ocean_menu_typo_font_weight":"","ocean_menu_typo_font_weight_tablet":"","ocean_menu_typo_font_weight_mobile":"","ocean_menu_typo_transform":"","ocean_menu_typo_transform_tablet":"","ocean_menu_typo_transform_mobile":"","ocean_menu_typo_line_height":0,"ocean_menu_typo_line_height_tablet":0,"ocean_menu_typo_line_height_mobile":0,"ocean_menu_typo_line_height_unit":"","ocean_menu_typo_spacing":0,"ocean_menu_typo_spacing_tablet":0,"ocean_menu_typo_spacing_mobile":0,"ocean_menu_typo_spacing_unit":"","ocean_menu_link_color":"","ocean_menu_link_color_hover":"","ocean_menu_link_color_active":"","ocean_menu_link_background":"","ocean_menu_link_hover_background":"","ocean_menu_link_active_background":"","ocean_menu_social_links_bg":"","ocean_menu_social_hover_links_bg":"","ocean_menu_social_links_color":"","ocean_menu_social_hover_links_color":"","ocean_disable_title":"on","ocean_disable_heading":"default","ocean_post_title":"","ocean_post_subheading":"","ocean_post_title_style":"","ocean_post_title_background_color":"","ocean_post_title_background":0,"ocean_post_title_bg_image_position":"","ocean_post_title_bg_image_attachment":"","ocean_post_title_bg_image_repeat":"","ocean_post_title_bg_image_size":"","ocean_post_title_height":0,"ocean_post_title_bg_overlay":0.5,"ocean_post_title_bg_overlay_color":"","ocean_disable_breadcrumbs":"default","ocean_breadcrumbs_color":"","ocean_breadcrumbs_separator_color":"","ocean_breadcrumbs_links_color":"","ocean_breadcrumbs_links_hover_color":"","ocean_display_footer_widgets":"default","ocean_display_footer_bottom":"default","ocean_custom_footer_template":"0","footnotes":""},"class_list":["post-701","page","type-page","status-publish","hentry","entry","owp-thumbs-layout-horizontal","owp-btn-normal","owp-tabs-layout-horizontal","has-no-thumbnails","has-product-nav"],"_links":{"self":[{"href":"https:\/\/jahn-museum.de\/en\/wp-json\/wp\/v2\/pages\/701","targetHints":{"allow":["GET"]}}],"collection":[{"href":"https:\/\/jahn-museum.de\/en\/wp-json\/wp\/v2\/pages"}],"about":[{"href":"https:\/\/jahn-museum.de\/en\/wp-json\/wp\/v2\/types\/page"}],"author":[{"embeddable":true,"href":"https:\/\/jahn-museum.de\/en\/wp-json\/wp\/v2\/users\/1"}],"replies":[{"embeddable":true,"href":"https:\/\/jahn-museum.de\/en\/wp-json\/wp\/v2\/comments?post=701"}],"version-history":[{"count":49,"href":"https:\/\/jahn-museum.de\/en\/wp-json\/wp\/v2\/pages\/701\/revisions"}],"predecessor-version":[{"id":2469,"href":"https:\/\/jahn-museum.de\/en\/wp-json\/wp\/v2\/pages\/701\/revisions\/2469"}],"wp:attachment":[{"href":"https:\/\/jahn-museum.de\/en\/wp-json\/wp\/v2\/media?parent=701"}],"curies":[{"name":"wp","href":"https:\/\/api.w.org\/{rel}","templated":true}]}}