{"id":733,"date":"2021-01-15T12:00:59","date_gmt":"2021-01-15T11:00:59","guid":{"rendered":"https:\/\/jahn-museum.de\/?page_id=733"},"modified":"2025-08-13T11:05:30","modified_gmt":"2025-08-13T09:05:30","slug":"impressum","status":"publish","type":"page","link":"https:\/\/jahn-museum.de\/en\/impressum\/","title":{"rendered":"Imprint"},"content":{"rendered":"<h1>ImprintImprint<\/h1>\n\tFriedrich Ludwig Jahn Museum<br \/>\nFriedrich-Ludwig-Jahn-Society e.V.<br \/>\nCastle road 11<br \/>\n06632 Freyburg (Unstrut)\nPresident:<br \/>\nDr. Josef Ulfkotte\nVice President:<br \/>\nDr. Gerlinde Rohr\nGesch\u00e4ftsf\u00fchrerin:<br \/>\nDr. Norma Henkel\n<p>&nbsp;<\/p>\n<h2>COPYRIGHT \/ COPYRIGHT<\/h2>\nAll rights reserved, all rights reserved: Friedrich-Ludwig-Jahn-Society \/ Friedrich-Ludwig-Jahn-Museum, Schlossstra\u00dfe 11, 6632 Freyburg \/ Unstrut, Germany<br \/>\nThe online documents and web pages including their parts are protected by copyright. They may only be copied and printed for private, scientific and non-commercial use for the purpose of information if they contain the copyright notice. The Friedrich-Ludwig-Jahn-Gesellschaft \/ Jahn-Museum reserves the right to revoke this permission at any time. These documents\/websites may not be reproduced, archived, stored on another server, included in newsgroups, used in online services, or stored on a CD-ROM without prior written permission from the Jahn Society or the Jahn Museum. However, they may be copied into a cache or proxy server to optimize access speed. We expressly permit and welcome the citation of our documents and web pages as well as the setting of links to our website.\n<h2>DISCLAIMER &#8211; DISCLAIMER<\/h2>\n<h3><em>Content of the online offer<\/em><\/h3>\n<p>The webteam of the Jahn-Gesellschaft \/ Jahn-Museum reserves the right not to be responsible for the topicality, correctness, completeness or quality of the information provided. Liability claims against the web team, which refer to material or immaterial nature caused by use or disuse of the information or the use of incorrect and incomplete information are excluded, unless the web team is not intentional or grossly negligent fault. All offers are subject to change and non-binding. The web team of the Jahn-Gesellschaft \/ Jahn-Museum expressly reserves the right to change, supplement or delete parts of the pages or the entire offer without prior notice or to cease publication temporarily or permanently.<\/p>\n<h3><em>References and links<\/em><\/h3>\n<p>In the case of direct or indirect references to external websites (\"links&#8220;) that lie outside the area of responsibility of the Jahn-Gesellschaft \/ Jahn-Museum web team, a liability obligation would only come into force in the event that the web team is aware of the content and it would be technically possible and reasonable for it to prevent use in the event of illegal content. The web team of the Jahn Society \/ Jahn Museum therefore expressly declares that at the time the links were created, the linked pages were free of illegal content. The web team has no influence whatsoever on the current and future design and content of the linked pages. Therefore, it hereby expressly distances itself from all contents of all linked pages that have been changed since the link was created. This statement applies to all links and references set within the own Internet offer as well as to external entries in guest books, discussion forums and mailing lists set up by the web team. Liability for illegal, incorrect or incomplete content and in particular for damages resulting from the use or non-use of such information lies solely with the provider of the page to which reference is made, and not with the person who merely refers to the respective publication via links.<\/p>\n<h3><em>Copyright and trademark law<\/em><\/h3>\n<p>The web team of the Jahn Society \/ Jahn Museum endeavours to observe the copyrights of the graphics, sound documents, video sequences and texts used in all publications, to use graphics, sound documents, video sequences and texts created by itself or to resort to licence-free graphics, sound documents, video sequences and texts. All brand names and trademarks mentioned on the website and possibly protected by third parties are subject without restriction to the provisions of the applicable trademark law and the ownership rights of the respective registered owners. The mere mention of a trademark does not imply that it is not protected by the rights of third parties! The copyright for published objects created by the web team of the Jahn-Gesellschaft \/ Jahn-Museum remains solely with the Jahn-Museum \/ Jahn-Gesellschaft. Any duplication or use of objects such as diagrams, sounds or texts in other electronic or printed publications is not permitted without the Jahn-Museum \/ Jahn-Gesellschaft's agreement.<\/p>\n<h3><em>Legal validity of this disclaimer<\/em><\/h3>\n<p>This disclaimer is to be regarded as part of the internet publication which you were referred from. If sections or individual terms of this statement are not legal or correct, the content or validity of the other parts remain uninfluenced by this fact.<\/p>\n<p>&nbsp;<\/p>\n<p><em>This disclaimer is based on the free service of <a href=\"http:\/\/www.disclaimer.de\">www.disclaimer.de<\/a>.<\/em><\/p>\n<p>&nbsp;<\/p>\n<p>\u00a9 2008 Friedrich-Ludwig-Jahn-Society e.V. \/ Friedrich-Ludwig-Jahn-Museum<\/p>","protected":false},"excerpt":{"rendered":"<p>ImpressumImpressum Friedrich-Ludwig-Jahn-Museum Friedrich-Ludwig-Jahn-Gesellschaft e.V. Schlossstra\u00dfe 11 06632 Freyburg (Unstrut) Pr\u00e4sident: Dr. Josef Ulfkotte Vizepr\u00e4sidentin: Dr. Gerlinde Rohr Gesch\u00e4ftsf\u00fchrerin: Dr. Norma Henkel &nbsp; URHEBERRECHT \/ COPYRIGHT Alle Rechte vorbehalten, all rights reserved: Friedrich-Ludwig-Jahn-Gesellschaft \/ Friedrich-Ludwig-Jahn-Museum, Schlossstra\u00dfe 11, 6632 Freyburg \/ Unstrut Die Online-Dokumente und Webseiten einschlie\u00dflich ihrer Teile sind urheberrechtlich gesch\u00fctzt. Sie d\u00fcrfen nur zum privaten, [&hellip;]<\/p>\n","protected":false},"author":1,"featured_media":0,"parent":0,"menu_order":0,"comment_status":"closed","ping_status":"closed","template":"","meta":{"inline_featured_image":false,"ocean_post_layout":"full-screen","ocean_both_sidebars_style":"","ocean_both_sidebars_content_width":0,"ocean_both_sidebars_sidebars_width":0,"ocean_sidebar":"0","ocean_second_sidebar":"0","ocean_disable_margins":"enable","ocean_add_body_class":"","ocean_shortcode_before_top_bar":"","ocean_shortcode_after_top_bar":"","ocean_shortcode_before_header":"","ocean_shortcode_after_header":"","ocean_has_shortcode":"","ocean_shortcode_after_title":"","ocean_shortcode_before_footer_widgets":"","ocean_shortcode_after_footer_widgets":"","ocean_shortcode_before_footer_bottom":"","ocean_shortcode_after_footer_bottom":"","ocean_display_top_bar":"default","ocean_display_header":"default","ocean_header_style":"","ocean_center_header_left_menu":"0","ocean_custom_header_template":"0","ocean_custom_logo":0,"ocean_custom_retina_logo":0,"ocean_custom_logo_max_width":0,"ocean_custom_logo_tablet_max_width":0,"ocean_custom_logo_mobile_max_width":0,"ocean_custom_logo_max_height":0,"ocean_custom_logo_tablet_max_height":0,"ocean_custom_logo_mobile_max_height":0,"ocean_header_custom_menu":"0","ocean_menu_typo_font_family":"0","ocean_menu_typo_font_subset":"","ocean_menu_typo_font_size":0,"ocean_menu_typo_font_size_tablet":0,"ocean_menu_typo_font_size_mobile":0,"ocean_menu_typo_font_size_unit":"px","ocean_menu_typo_font_weight":"","ocean_menu_typo_font_weight_tablet":"","ocean_menu_typo_font_weight_mobile":"","ocean_menu_typo_transform":"","ocean_menu_typo_transform_tablet":"","ocean_menu_typo_transform_mobile":"","ocean_menu_typo_line_height":0,"ocean_menu_typo_line_height_tablet":0,"ocean_menu_typo_line_height_mobile":0,"ocean_menu_typo_line_height_unit":"","ocean_menu_typo_spacing":0,"ocean_menu_typo_spacing_tablet":0,"ocean_menu_typo_spacing_mobile":0,"ocean_menu_typo_spacing_unit":"","ocean_menu_link_color":"","ocean_menu_link_color_hover":"","ocean_menu_link_color_active":"","ocean_menu_link_background":"","ocean_menu_link_hover_background":"","ocean_menu_link_active_background":"","ocean_menu_social_links_bg":"","ocean_menu_social_hover_links_bg":"","ocean_menu_social_links_color":"","ocean_menu_social_hover_links_color":"","ocean_disable_title":"on","ocean_disable_heading":"default","ocean_post_title":"","ocean_post_subheading":"","ocean_post_title_style":"","ocean_post_title_background_color":"","ocean_post_title_background":0,"ocean_post_title_bg_image_position":"","ocean_post_title_bg_image_attachment":"","ocean_post_title_bg_image_repeat":"","ocean_post_title_bg_image_size":"","ocean_post_title_height":0,"ocean_post_title_bg_overlay":0.5,"ocean_post_title_bg_overlay_color":"","ocean_disable_breadcrumbs":"default","ocean_breadcrumbs_color":"","ocean_breadcrumbs_separator_color":"","ocean_breadcrumbs_links_color":"","ocean_breadcrumbs_links_hover_color":"","ocean_display_footer_widgets":"default","ocean_display_footer_bottom":"default","ocean_custom_footer_template":"0","footnotes":""},"class_list":["post-733","page","type-page","status-publish","hentry","entry","owp-thumbs-layout-horizontal","owp-btn-normal","owp-tabs-layout-horizontal","has-no-thumbnails","has-product-nav"],"_links":{"self":[{"href":"https:\/\/jahn-museum.de\/en\/wp-json\/wp\/v2\/pages\/733","targetHints":{"allow":["GET"]}}],"collection":[{"href":"https:\/\/jahn-museum.de\/en\/wp-json\/wp\/v2\/pages"}],"about":[{"href":"https:\/\/jahn-museum.de\/en\/wp-json\/wp\/v2\/types\/page"}],"author":[{"embeddable":true,"href":"https:\/\/jahn-museum.de\/en\/wp-json\/wp\/v2\/users\/1"}],"replies":[{"embeddable":true,"href":"https:\/\/jahn-museum.de\/en\/wp-json\/wp\/v2\/comments?post=733"}],"version-history":[{"count":13,"href":"https:\/\/jahn-museum.de\/en\/wp-json\/wp\/v2\/pages\/733\/revisions"}],"predecessor-version":[{"id":2605,"href":"https:\/\/jahn-museum.de\/en\/wp-json\/wp\/v2\/pages\/733\/revisions\/2605"}],"wp:attachment":[{"href":"https:\/\/jahn-museum.de\/en\/wp-json\/wp\/v2\/media?parent=733"}],"curies":[{"name":"wp","href":"https:\/\/api.w.org\/{rel}","templated":true}]}}